{"id":641,"date":"2021-04-20T16:04:13","date_gmt":"2021-04-20T16:04:13","guid":{"rendered":"http:\/\/interstem.eu\/index.php\/homepage-espanol\/"},"modified":"2021-05-03T14:33:39","modified_gmt":"2021-05-03T14:33:39","slug":"homepage-espanol","status":"publish","type":"page","link":"https:\/\/interstem.eu\/index.php\/es\/","title":{"rendered":"Homepage &#8211; Espa\u00f1ol"},"content":{"rendered":"\n<div class=\"wp-block-group alignfull has-background-light-background-color has-background\"><div class=\"wp-block-group__inner-container is-layout-flow wp-block-group-is-layout-flow\">\n<h6 class=\"has-secondary-color has-text-color wp-block-heading\"><img loading=\"lazy\" decoding=\"async\" width=\"300\" height=\"118\" class=\"wp-image-208\" style=\"width: 300px;\" src=\"https:\/\/interstem.eu\/wp-content\/uploads\/2021\/01\/Erasmus2-1.png\" alt=\"\" srcset=\"https:\/\/interstem.eu\/wp-content\/uploads\/2021\/01\/Erasmus2-1.png 960w, https:\/\/interstem.eu\/wp-content\/uploads\/2021\/01\/Erasmus2-1-300x118.png 300w, https:\/\/interstem.eu\/wp-content\/uploads\/2021\/01\/Erasmus2-1-768x301.png 768w\" sizes=\"auto, (max-width: 300px) 100vw, 300px\" \/> <\/h6>\n\n\n\n<p><p class=\"has-custom-font\" style=\"font-family:Roboto\"><span style=\"color:#4167e5\" class=\"has-inline-color\"><strong>KA2 \u2013 Cooperaci\u00f3n para la innovaci\u00f3n y el intercambio de buenas pr\u00e1cticas     <br>KA201 \u2013 Alianzas estrat\u00e9gicas para la educaci\u00f3n escolar<\/strong><\/span><\/p><\/p>\n\n\n\n<p><p class=\"has-custom-font\" style=\"font-family:Roboto\"><span style=\"color:#00a32e\" class=\"has-inline-color\">T\u00edtulo del proyecto:<\/span> <span style=\"color:#00a33b\" class=\"has-inline-color\">Uso interdisciplinar de la Ciencia, Tecnolog\u00eda, Ingenier\u00eda y de las Matem\u00e1ticas (STEM) para el aprendizaje de materias no-STEM<\/span> <br><span style=\"color:#00a337\" class=\"has-inline-color\">N\u00b0 2020-1-FR01-KA201-080015  <\/span><\/p><\/p>\n\n\n\n<div class=\"wp-block-columns is-layout-flex wp-container-core-columns-is-layout-9d6595d7 wp-block-columns-is-layout-flex\">\n<div class=\"wp-block-column is-layout-flow wp-block-column-is-layout-flow\" style=\"flex-basis:80%\"><\/div>\n\n\n\n<div class=\"wp-block-column is-layout-flow wp-block-column-is-layout-flow\" style=\"flex-basis:20%\">\n<div class=\"wp-block-buttons is-layout-flex wp-block-buttons-is-layout-flex\">\n<div class=\"wp-block-button is-style-default\"><a class=\"wp-block-button__link has-background-color has-secondary-background-color has-text-color has-background\" href=\"https:\/\/ec.europa.eu\/programmes\/erasmus-plus\/node_en\" target=\"_blank\" rel=\"noreferrer noopener\">Aprende sobre Erasmus+<\/a><\/div>\n<\/div>\n<\/div>\n<\/div>\n<\/div><\/div>\n\n\n\n<div class=\"wp-block-cover alignfull\"><img loading=\"lazy\" decoding=\"async\" width=\"1686\" height=\"1128\" class=\"wp-block-cover__image-background wp-image-227\" alt=\"\" src=\"https:\/\/interstem.eu\/wp-content\/uploads\/2021\/01\/InterSTEM.jpg\" style=\"object-position:50% 1%\" data-object-fit=\"cover\" data-object-position=\"50% 1%\" srcset=\"https:\/\/interstem.eu\/wp-content\/uploads\/2021\/01\/InterSTEM.jpg 1686w, https:\/\/interstem.eu\/wp-content\/uploads\/2021\/01\/InterSTEM-300x201.jpg 300w, https:\/\/interstem.eu\/wp-content\/uploads\/2021\/01\/InterSTEM-1024x685.jpg 1024w, https:\/\/interstem.eu\/wp-content\/uploads\/2021\/01\/InterSTEM-768x514.jpg 768w, https:\/\/interstem.eu\/wp-content\/uploads\/2021\/01\/InterSTEM-1536x1028.jpg 1536w, https:\/\/interstem.eu\/wp-content\/uploads\/2021\/01\/InterSTEM-1568x1049.jpg 1568w\" sizes=\"auto, (max-width: 1686px) 100vw, 1686px\" \/><div class=\"wp-block-cover__inner-container is-layout-flow wp-block-cover-is-layout-flow\">\n<p class=\"has-text-align-center has-large-font-size\"><\/p>\n<\/div><\/div>\n\n\n\n<div class=\"wp-block-group alignfull\"><div class=\"wp-block-group__inner-container is-layout-flow wp-block-group-is-layout-flow\">\n<h2 class=\"has-text-align-left wp-block-heading\">Lo que dicen los especialistas sobre educaci\u00f3n:<\/h2>\n\n\n\n<div style=\"height:20px\" aria-hidden=\"true\" class=\"wp-block-spacer\"><\/div>\n\n\n\n<div class=\"wp-block-columns has-2-columns is-layout-flex wp-container-core-columns-is-layout-9d6595d7 wp-block-columns-is-layout-flex\">\n<div class=\"wp-block-column is-layout-flow wp-block-column-is-layout-flow\">\n<blockquote class=\"wp-block-quote is-layout-flow wp-block-quote-is-layout-flow\"><p>El mundo est\u00e1 cambiando a un ritmo acelerado y lo global se est\u00e1 volviendo cada vez m\u00e1s complejo. Estos desaf\u00edos requieren soluciones interdisciplinarias que puedan ser creadas y aplicadas<br>por\neducadores\/as con visi\u00f3n interdisciplinar. <\/p><cite>Universidad de Amsterdam<\/cite><\/blockquote>\n<\/div>\n\n\n\n<div class=\"wp-block-column is-layout-flow wp-block-column-is-layout-flow\">\n<blockquote class=\"wp-block-quote is-layout-flow wp-block-quote-is-layout-flow\"><p>Si no cambiamos la forma de ense\u00f1ar a nuestros hijos, tendremos un gran problema en 30 a\u00f1os.<\/p><cite>Jack Ma,  fEx-presidente ejecutivo de la empresa de comercio electr\u00f3nico Alibaba<\/cite><\/blockquote>\n\n\n\n<p><\/p>\n<\/div>\n<\/div>\n<\/div><\/div>\n\n\n\n<div class=\"wp-block-cover has-background-dim-70 has-foreground-dark-background-color has-background-dim alignfull\"><img loading=\"lazy\" decoding=\"async\" width=\"1690\" height=\"1125\" class=\"wp-block-cover__image-background wp-image-261\" alt=\"\" src=\"https:\/\/interstem.eu\/wp-content\/uploads\/2021\/01\/Chemistry-Interstem.jpg\" style=\"object-position:8% 54%\" data-object-fit=\"cover\" data-object-position=\"8% 54%\" srcset=\"https:\/\/interstem.eu\/wp-content\/uploads\/2021\/01\/Chemistry-Interstem.jpg 1690w, https:\/\/interstem.eu\/wp-content\/uploads\/2021\/01\/Chemistry-Interstem-300x200.jpg 300w, https:\/\/interstem.eu\/wp-content\/uploads\/2021\/01\/Chemistry-Interstem-1024x682.jpg 1024w, https:\/\/interstem.eu\/wp-content\/uploads\/2021\/01\/Chemistry-Interstem-768x511.jpg 768w, https:\/\/interstem.eu\/wp-content\/uploads\/2021\/01\/Chemistry-Interstem-1536x1022.jpg 1536w, https:\/\/interstem.eu\/wp-content\/uploads\/2021\/01\/Chemistry-Interstem-1568x1044.jpg 1568w\" sizes=\"auto, (max-width: 1690px) 100vw, 1690px\" \/><div class=\"wp-block-cover__inner-container is-layout-flow wp-block-cover-is-layout-flow\">\n<div class=\"wp-block-columns is-layout-flex wp-container-core-columns-is-layout-9d6595d7 wp-block-columns-is-layout-flex\">\n<div class=\"wp-block-column is-layout-flow wp-block-column-is-layout-flow\">\n<p><\/p>\n\n\n\n<h1 class=\"has-custom-font has-text-color wp-block-heading\" style=\"color:#025b31\"><span style=\"color:#ca2017\" class=\"has-inline-color\"><a href=\"https:\/\/interstem.eu\/index.php\/es\/partners-del-proyecto\/\">Sobre nosotros<\/a><\/span><\/h1>\n\n\n\n<p><\/p>\n<\/div>\n\n\n\n<div class=\"wp-block-column is-layout-flow wp-block-column-is-layout-flow\">\n<h4 class=\"wp-block-heading\"><\/h4>\n<\/div>\n\n\n\n<div class=\"wp-block-column is-layout-flow wp-block-column-is-layout-flow\"><\/div>\n<\/div>\n\n\n\n<p><\/p>\n<\/div><\/div>\n\n\n\n<p><\/p>\n","protected":false},"excerpt":{"rendered":"<p>KA2 \u2013 Cooperaci\u00f3n para la innovaci\u00f3n y el intercambio de buenas pr\u00e1cticas KA201 \u2013 Alianzas estrat\u00e9gicas para la educaci\u00f3n escolar T\u00edtulo del proyecto: Uso interdisciplinar de la Ciencia, Tecnolog\u00eda, Ingenier\u00eda y de las Matem\u00e1ticas (STEM) para el aprendizaje de materias no-STEM N\u00b0 2020-1-FR01-KA201-080015 Lo que dicen los especialistas sobre educaci\u00f3n: El mundo est\u00e1 cambiando a &hellip; <a href=\"https:\/\/interstem.eu\/index.php\/es\/\" class=\"more-link\">Continue reading <span class=\"screen-reader-text\">Homepage &#8211; Espa\u00f1ol<\/span><\/a><\/p>\n","protected":false},"author":1,"featured_media":0,"parent":0,"menu_order":0,"comment_status":"closed","ping_status":"closed","template":"","meta":{"footnotes":""},"class_list":["post-641","page","type-page","status-publish","hentry"],"_links":{"self":[{"href":"https:\/\/interstem.eu\/index.php\/wp-json\/wp\/v2\/pages\/641","targetHints":{"allow":["GET"]}}],"collection":[{"href":"https:\/\/interstem.eu\/index.php\/wp-json\/wp\/v2\/pages"}],"about":[{"href":"https:\/\/interstem.eu\/index.php\/wp-json\/wp\/v2\/types\/page"}],"author":[{"embeddable":true,"href":"https:\/\/interstem.eu\/index.php\/wp-json\/wp\/v2\/users\/1"}],"replies":[{"embeddable":true,"href":"https:\/\/interstem.eu\/index.php\/wp-json\/wp\/v2\/comments?post=641"}],"version-history":[{"count":2,"href":"https:\/\/interstem.eu\/index.php\/wp-json\/wp\/v2\/pages\/641\/revisions"}],"predecessor-version":[{"id":762,"href":"https:\/\/interstem.eu\/index.php\/wp-json\/wp\/v2\/pages\/641\/revisions\/762"}],"wp:attachment":[{"href":"https:\/\/interstem.eu\/index.php\/wp-json\/wp\/v2\/media?parent=641"}],"curies":[{"name":"wp","href":"https:\/\/api.w.org\/{rel}","templated":true}]}}