{"id":33,"date":"2021-01-30T13:22:12","date_gmt":"2021-01-30T13:22:12","guid":{"rendered":"https:\/\/interstem.education\/?page_id=33"},"modified":"2021-05-03T19:01:27","modified_gmt":"2021-05-03T19:01:27","slug":"partners","status":"publish","type":"page","link":"https:\/\/interstem.eu\/index.php\/partners\/","title":{"rendered":"Partners"},"content":{"rendered":"\n<p style=\"font-size:18px\"><span style=\"color:#00a363\" class=\"has-inline-color\"><strong>The InterSTEM consortium consists of five partner organisations from different education-related areas, representing five different European countries.<\/strong><\/span><\/p>\n\n\n\n<div class=\"wp-block-media-text alignwide is-stacked-on-mobile\" style=\"grid-template-columns:22% auto\"><figure class=\"wp-block-media-text__media\"><img loading=\"lazy\" decoding=\"async\" width=\"300\" height=\"144\" src=\"https:\/\/interstem.eu\/wp-content\/uploads\/2021\/01\/boreal-300x144-1.jpg\" alt=\"\" class=\"wp-image-71 size-full\"\/><\/figure><div class=\"wp-block-media-text__content\">\n<h3 class=\"wp-block-heading\">Boreal Innovation \u2013 Coop\u00e9rative pour le D\u00e9veloppement de la Cr\u00e9ativit\u00e9 et de l\u2019Innovation, France<\/h3>\n\n\n\n<p class=\"has-normal-font-size\">Bor\u00e9al Innovation is a cooperative that offers personalized support, training and digital workshops all in an environment appropriate to the transfer and exchange of experiences between the education and the community. It has been awarded French Tech as a recognition of its ecosystem of startups, as well as a common brand that can be used by French innovative companies.<\/p>\n\n\n\n<p class=\"has-custom-font\" style=\"font-family: Roboto;\"><a href=\"http:\/\/boreal-innovation.com\/\" target=\"_blank\" rel=\"noreferrer noopener\">boreal-innovation.com<\/a><\/p>\n<\/div><\/div>\n\n\n\n<p><\/p>\n\n\n\n\n\n<div class=\"wp-block-media-text alignwide is-stacked-on-mobile\" style=\"grid-template-columns:23% auto\"><figure class=\"wp-block-media-text__media\"><img loading=\"lazy\" decoding=\"async\" width=\"200\" height=\"195\" src=\"https:\/\/interstem.eu\/wp-content\/uploads\/2021\/01\/QMED-Logo-small.png\" alt=\"\" class=\"wp-image-81 size-full\"\/><\/figure><div class=\"wp-block-media-text__content\">\n<h3 class=\"wp-block-heading\">Quarter Mediation, Netherlands<\/h3>\n\n\n\n<p class=\"has-text-align-justify has-custom-font\" style=\"font-family: Roboto;\">Quarter Mediation is an adult education provider with an European scope that&nbsp; organizes adult education courses at European level, under the available European Commission programmes and projects focused on education and culture. Quarter Mediation has as its main aims to promote lifelong learning and to create a link between the education system from different countries (both general education and VET) and the labour market.<\/p>\n\n\n\n<p class=\"has-custom-font\" style=\"font-family: Roboto;\"><a href=\"http:\/\/www.quartermediation.eu\/\" target=\"_blank\" rel=\"noreferrer noopener\">www.quartermediation.eu<\/a><\/p>\n<\/div><\/div>\n\n\n\n<div class=\"wp-block-media-text alignwide is-stacked-on-mobile\" style=\"grid-template-columns:24% auto\"><figure class=\"wp-block-media-text__media\"><img loading=\"lazy\" decoding=\"async\" width=\"146\" height=\"80\" src=\"https:\/\/interstem.eu\/wp-content\/uploads\/2021\/01\/Logo-ASSE-1.png\" alt=\"\" class=\"wp-image-182 size-full\"\/><\/figure><div class=\"wp-block-media-text__content\">\n<h3 class=\"wp-block-heading\">Asociatia de Studii Socio-Economice, Romania<\/h3>\n\n\n\n<p class=\"has-custom-font\" style=\"font-family: Roboto;\">Asociatia de Studii Socio-Economice is an NGO having activity in education and on social and economic issues. It has as the main target to educate young people and adults and also to study the socio-economic situation of the society in order to improve it and make it more effective.<br><a href=\"http:\/\/asse.rotind.ro\/\" target=\"_blank\" rel=\"noreferrer noopener\">asse.rotind.ro<\/a><\/p>\n<\/div><\/div>\n\n\n\n<div class=\"wp-block-media-text alignwide is-stacked-on-mobile\" style=\"grid-template-columns:24% auto\"><figure class=\"wp-block-media-text__media\"><img loading=\"lazy\" decoding=\"async\" width=\"300\" height=\"240\" src=\"https:\/\/interstem.eu\/wp-content\/uploads\/2021\/01\/1epal_peram_W-300x240-2.png\" alt=\"\" class=\"wp-image-185 size-full\"\/><\/figure><div class=\"wp-block-media-text__content\">\n<h3 class=\"wp-block-heading\">1o Epaggelmatiko Lykeio Peramatos, Greece<\/h3>\n\n\n\n<p class=\"has-custom-font\" style=\"font-family: Roboto;\">1o Epaggelmatiko Lykeio Peramatos is a vocational highschool that provides lessons of general and technical education. All departments apply a mix of teacher-centred and student-centred learning methods in order to successfully prepare the pupils for the national exams and the labor market.<br><a href=\"http:\/\/1epal-peram.att.sch.gr\/\" target=\"_blank\" rel=\"noreferrer noopener\">1epal-peram.att.sch.gr<\/a><\/p>\n<\/div><\/div>\n\n\n\n<div class=\"wp-block-media-text alignwide is-stacked-on-mobile\" style=\"grid-template-columns:24% auto\"><figure class=\"wp-block-media-text__media\"><img loading=\"lazy\" decoding=\"async\" width=\"249\" height=\"61\" src=\"https:\/\/interstem.eu\/wp-content\/uploads\/2021\/01\/logo_CB-1.png\" alt=\"\" class=\"wp-image-188 size-full\"\/><\/figure><div class=\"wp-block-media-text__content\">\n<h3 class=\"wp-block-heading\">Cookie Box, Spain<\/h3>\n\n\n\n<p class=\"has-custom-font\" style=\"font-family: Roboto;\">Cookie Box has been delivering gamification and transmedia storytelling solutions during the past&nbsp; years. Several Transmedia platforms apply depending on the challenge: short movies developed under \u201cDramanagement\u201d seal for real clients, as well as other media such as comics, comics in motion, teasers, workshops, board games, Gamified apps and platforms, mini games, ARGs.<br><a href=\"http:\/\/cookiebox.es\/\" target=\"_blank\" rel=\"noreferrer noopener\">cookiebox.es<\/a><\/p>\n<\/div><\/div>\n\n\n\n<p><\/p>\n","protected":false},"excerpt":{"rendered":"<p>The InterSTEM consortium consists of five partner organisations from different education-related areas, representing five different European countries. Quarter Mediation, Netherlands Quarter Mediation is an adult education provider with an European scope that&nbsp; organizes adult education courses at European level, under the available European Commission programmes and projects focused on education and culture. Quarter Mediation has &hellip; <a href=\"https:\/\/interstem.eu\/index.php\/partners\/\" class=\"more-link\">Continue reading <span class=\"screen-reader-text\">Partners<\/span><\/a><\/p>\n","protected":false},"author":1,"featured_media":0,"parent":0,"menu_order":0,"comment_status":"closed","ping_status":"closed","template":"","meta":{"footnotes":""},"class_list":["post-33","page","type-page","status-publish","hentry"],"_links":{"self":[{"href":"https:\/\/interstem.eu\/index.php\/wp-json\/wp\/v2\/pages\/33","targetHints":{"allow":["GET"]}}],"collection":[{"href":"https:\/\/interstem.eu\/index.php\/wp-json\/wp\/v2\/pages"}],"about":[{"href":"https:\/\/interstem.eu\/index.php\/wp-json\/wp\/v2\/types\/page"}],"author":[{"embeddable":true,"href":"https:\/\/interstem.eu\/index.php\/wp-json\/wp\/v2\/users\/1"}],"replies":[{"embeddable":true,"href":"https:\/\/interstem.eu\/index.php\/wp-json\/wp\/v2\/comments?post=33"}],"version-history":[{"count":6,"href":"https:\/\/interstem.eu\/index.php\/wp-json\/wp\/v2\/pages\/33\/revisions"}],"predecessor-version":[{"id":765,"href":"https:\/\/interstem.eu\/index.php\/wp-json\/wp\/v2\/pages\/33\/revisions\/765"}],"wp:attachment":[{"href":"https:\/\/interstem.eu\/index.php\/wp-json\/wp\/v2\/media?parent=33"}],"curies":[{"name":"wp","href":"https:\/\/api.w.org\/{rel}","templated":true}]}}