{"id":1535,"date":"2022-09-16T08:25:12","date_gmt":"2022-09-16T08:25:12","guid":{"rendered":"https:\/\/interstem.eu\/?page_id=1535"},"modified":"2022-09-20T10:14:26","modified_gmt":"2022-09-20T10:14:26","slug":"le-jeu-serieux-interstem-jai-vecu-la-revolution-francaise","status":"publish","type":"page","link":"https:\/\/interstem.eu\/index.php\/fr\/le-jeu-serieux-interstem-jai-vecu-la-revolution-francaise\/","title":{"rendered":"Le jeu s\u00e9rieux\u00a0InterSTEM- J\u2019ai v\u00e9cu la R\u00e9volution fran\u00e7aise"},"content":{"rendered":"\n<div class=\"wp-block-media-text alignwide has-media-on-the-right is-stacked-on-mobile\" style=\"grid-template-columns:auto 46%\"><figure class=\"wp-block-media-text__media\"><img loading=\"lazy\" decoding=\"async\" width=\"1024\" height=\"526\" src=\"https:\/\/interstem.eu\/wp-content\/uploads\/2022\/09\/InterSTEM-Game-name-FRV2-1024x526.png\" alt=\"\" class=\"wp-image-1537 size-full\" srcset=\"https:\/\/interstem.eu\/wp-content\/uploads\/2022\/09\/InterSTEM-Game-name-FRV2-1024x526.png 1024w, https:\/\/interstem.eu\/wp-content\/uploads\/2022\/09\/InterSTEM-Game-name-FRV2-300x154.png 300w, https:\/\/interstem.eu\/wp-content\/uploads\/2022\/09\/InterSTEM-Game-name-FRV2-768x394.png 768w, https:\/\/interstem.eu\/wp-content\/uploads\/2022\/09\/InterSTEM-Game-name-FRV2.png 1243w\" sizes=\"auto, (max-width: 1024px) 100vw, 1024px\" \/><\/figure><div class=\"wp-block-media-text__content\">\n<ul class=\"wp-block-list\" style=\"font-size:30px\"><li><a href=\"https:\/\/view.genial.ly\/6311ec12324b7d00103b5094\" target=\"_blank\" rel=\"noreferrer noopener\">Niveau avanc\u00e9<\/a><\/li><li><a href=\"https:\/\/view.genial.ly\/6311ec38324b7d00103b50d6\" target=\"_blank\" rel=\"noreferrer noopener\">Niveau interm\u00e9diaire<\/a><\/li><li><a href=\"https:\/\/view.genial.ly\/6311ec5d5c804a0011f9d35d\" target=\"_blank\" rel=\"noreferrer noopener\">Niveau basique<\/a><\/li><\/ul>\n<\/div><\/div>\n","protected":false},"excerpt":{"rendered":"<p>Niveau avanc\u00e9 Niveau interm\u00e9diaire Niveau basique<\/p>\n","protected":false},"author":1,"featured_media":0,"parent":0,"menu_order":0,"comment_status":"closed","ping_status":"closed","template":"","meta":{"footnotes":""},"class_list":["post-1535","page","type-page","status-publish","hentry"],"_links":{"self":[{"href":"https:\/\/interstem.eu\/index.php\/wp-json\/wp\/v2\/pages\/1535","targetHints":{"allow":["GET"]}}],"collection":[{"href":"https:\/\/interstem.eu\/index.php\/wp-json\/wp\/v2\/pages"}],"about":[{"href":"https:\/\/interstem.eu\/index.php\/wp-json\/wp\/v2\/types\/page"}],"author":[{"embeddable":true,"href":"https:\/\/interstem.eu\/index.php\/wp-json\/wp\/v2\/users\/1"}],"replies":[{"embeddable":true,"href":"https:\/\/interstem.eu\/index.php\/wp-json\/wp\/v2\/comments?post=1535"}],"version-history":[{"count":4,"href":"https:\/\/interstem.eu\/index.php\/wp-json\/wp\/v2\/pages\/1535\/revisions"}],"predecessor-version":[{"id":1561,"href":"https:\/\/interstem.eu\/index.php\/wp-json\/wp\/v2\/pages\/1535\/revisions\/1561"}],"wp:attachment":[{"href":"https:\/\/interstem.eu\/index.php\/wp-json\/wp\/v2\/media?parent=1535"}],"curies":[{"name":"wp","href":"https:\/\/api.w.org\/{rel}","templated":true}]}}