{"id":142,"date":"2021-01-30T21:37:04","date_gmt":"2021-01-30T19:37:04","guid":{"rendered":"https:\/\/interstem.education\/?page_id=142"},"modified":"2021-04-20T16:27:57","modified_gmt":"2021-04-20T16:27:57","slug":"partenerii-proiectului","status":"publish","type":"page","link":"https:\/\/interstem.eu\/index.php\/ro\/partenerii-proiectului\/","title":{"rendered":"Partenerii proiectului"},"content":{"rendered":"\n<div class=\"wp-block-media-text alignwide is-stacked-on-mobile\" style=\"grid-template-columns:31% auto\"><figure class=\"wp-block-media-text__media\"><img loading=\"lazy\" decoding=\"async\" width=\"300\" height=\"144\" src=\"https:\/\/interstem.eu\/wp-content\/uploads\/2021\/01\/boreal-300x144-3.jpg\" alt=\"\" class=\"wp-image-298 size-full\"\/><\/figure><div class=\"wp-block-media-text__content\">\n<h3 class=\"wp-block-heading\">Boreal Innovation \u2013 Coop\u00e9rative pour le D\u00e9veloppement de la Cr\u00e9ativit\u00e9 et de l\u2019Innovation, France<\/h3>\n\n\n\n<p>Bor\u00e9al Innovation este o cooperativ\u0103 care ofer\u0103 sprijin personalizat, instruire \u0219i ateliere digitale, toate \u00eentr-un mediu adecvat transferului \u0219i schimbului de experien\u021b\u0103 \u00eentre Educa\u021bie \u0219i Comunitate. Acesta a fost premiat\u0103 \u00een cadrul French Tech, ca o recunoa\u0219tere a ecosistemului s\u0103u de pornire, precum \u0219i o marc\u0103 comun\u0103 care poate fi folosit\u0103 de companiile inovatoare franceze.   <a rel=\"noreferrer noopener\" href=\"http:\/\/boreal-innovation.com\/\" target=\"_blank\">boreal-innovation.com<\/a> <\/p>\n<\/div><\/div>\n\n\n\n<div class=\"wp-block-media-text alignwide is-stacked-on-mobile\" style=\"grid-template-columns:31% auto\"><figure class=\"wp-block-media-text__media\"><img loading=\"lazy\" decoding=\"async\" width=\"200\" height=\"195\" src=\"https:\/\/interstem.eu\/wp-content\/uploads\/2021\/01\/QMED-Logo-small-2.png\" alt=\"\" class=\"wp-image-301 size-full\"\/><\/figure><div class=\"wp-block-media-text__content\">\n<h3 class=\"wp-block-heading\">Quarter Mediation, Netherlands<\/h3>\n\n\n\n<p>Quarter Mediation este un furnizor de educa\u021bie pentru adul\u021bi cu un scop european, care organizeaz\u0103 cursuri pentru educa\u021bia adul\u021bilor la nivel european \u0219i proiecte europene, \u00een cadrul programelor \u0219i proiectelor Comisiei Europene care se axeaz\u0103 pe educa\u021bie \u0219i cultur\u0103. Quarter Mediation are ca scop principal promovarea \u00eenv\u0103\u021b\u0103rii pe tot parcursul vie\u021bii \u0219i crearea unei leg\u0103turi \u00eentre sistemul de \u00eenv\u0103\u021b\u0103m\u00e2nt din diferite \u021b\u0103ri, at\u00e2t \u00eenv\u0103\u021b\u0103m\u00e2ntul general, c\u00e2t \u0219i VET \u0219i pia\u021ba for\u021bei de munc\u0103.<br><a href=\"http:\/\/www.quartermediation.eu\/\" target=\"_blank\" rel=\"noreferrer noopener\">www.quartermediation.eu<\/a><\/p>\n<\/div><\/div>\n\n\n\n<div class=\"wp-block-media-text alignwide is-stacked-on-mobile\" style=\"grid-template-columns:32% auto\"><figure class=\"wp-block-media-text__media\"><img loading=\"lazy\" decoding=\"async\" width=\"146\" height=\"80\" src=\"https:\/\/interstem.eu\/wp-content\/uploads\/2021\/01\/Logo-ASSE-3.png\" alt=\"\" class=\"wp-image-304 size-full\"\/><\/figure><div class=\"wp-block-media-text__content\">\n<h3 class=\"wp-block-heading\">Asociatia de Studii Socio-Economice, Romania<\/h3>\n\n\n\n<p>Asociatia de Studii Socio-Economice este un ONG care are activitate \u00een domeniul educa\u021biei \u0219i al problemelor sociale \u0219i economice. Are ca obiectiv principal educarea tinerilor \u0219i adul\u021bilor \u0219i, de asemenea, studierea situa\u021biei socio-economice a societ\u0103\u021bii \u00een vederea \u00eembun\u0103t\u0103\u021birii \u0219i eficientiz\u0103rii acesteia prin crearea de modele socio-economice ale viitorului bazate pe noi tehnologii.<br><a rel=\"noreferrer noopener\" href=\"http:\/\/asse.rotind.ro\/\" target=\"_blank\">asse.rotind.ro<\/a> <\/p>\n<\/div><\/div>\n\n\n\n<div class=\"wp-block-media-text alignwide is-stacked-on-mobile\" style=\"grid-template-columns:32% auto\"><figure class=\"wp-block-media-text__media\"><img loading=\"lazy\" decoding=\"async\" width=\"300\" height=\"240\" src=\"https:\/\/interstem.eu\/wp-content\/uploads\/2021\/01\/1epal_peram_W-300x240-4.png\" alt=\"\" class=\"wp-image-306 size-full\"\/><\/figure><div class=\"wp-block-media-text__content\">\n<h3 class=\"wp-block-heading\">1o Epaggelmatiko Lykeio Peramatos, Greece<\/h3>\n\n\n\n<p>1o Epaggelmatiko Lykeio Peramatos este o liceu profesional care ofer\u0103 lec\u021bii de educa\u021bie general\u0103 \u0219i tehnic\u0103. Toate departamentele aplic\u0103 o combina\u021bie de metode de \u00eenv\u0103\u021bare centrate pe profesor \u0219i orientate spre elev, pentru a preg\u0103ti cu succes elevii pentru examenele na\u021bionale \u0219i pia\u021ba for\u021bei de munc\u0103<\/p>\n\n\n\n<p><a href=\"http:\/\/1epal-peram.att.sch.gr\/\" target=\"_blank\" rel=\"noreferrer noopener\">1epal-peram.att.sch.gr<\/a><\/p>\n<\/div><\/div>\n\n\n\n<div class=\"wp-block-media-text alignwide is-stacked-on-mobile\" style=\"grid-template-columns:32% auto\"><figure class=\"wp-block-media-text__media\"><img loading=\"lazy\" decoding=\"async\" width=\"249\" height=\"61\" src=\"https:\/\/interstem.eu\/wp-content\/uploads\/2021\/01\/logo_CB-3.png\" alt=\"\" class=\"wp-image-308 size-full\"\/><\/figure><div class=\"wp-block-media-text__content\">\n<h3 class=\"wp-block-heading\">Cookie Box, Spain<\/h3>\n\n\n\n<p>Cookie Box a furnizat solu\u021bii de joc \u0219i de povestiri privind trans-media \u00een ultimii ani. C\u00e2teva platforme Transmedia sunt aplicate \u00een func\u021bie de provoc\u0103ri: filmele scurte dezvoltate sub tema \u201eDramanagement\u201d pentru clien\u021bii reali, precum \u0219i alte medii, cum ar fi benzi desenate, desene animate, ateliere de lucru, jocuri de conducere, aplica\u021bii \u0219i platforme, ARGs.<\/p>\n\n\n\n<p><a rel=\"noreferrer noopener\" href=\"http:\/\/cookiebox.es\/\" target=\"_blank\">cookiebox.es<\/a> <\/p>\n<\/div><\/div>\n","protected":false},"excerpt":{"rendered":"<p>Boreal Innovation \u2013 Coop\u00e9rative pour le D\u00e9veloppement de la Cr\u00e9ativit\u00e9 et de l\u2019Innovation, France Bor\u00e9al Innovation este o cooperativ\u0103 care ofer\u0103 sprijin personalizat, instruire \u0219i ateliere digitale, toate \u00eentr-un mediu adecvat transferului \u0219i schimbului de experien\u021b\u0103 \u00eentre Educa\u021bie \u0219i Comunitate. Acesta a fost premiat\u0103 \u00een cadrul French Tech, ca o recunoa\u0219tere a ecosistemului s\u0103u de &hellip; <a href=\"https:\/\/interstem.eu\/index.php\/ro\/partenerii-proiectului\/\" class=\"more-link\">Continue reading <span class=\"screen-reader-text\">Partenerii proiectului<\/span><\/a><\/p>\n","protected":false},"author":1,"featured_media":0,"parent":0,"menu_order":0,"comment_status":"closed","ping_status":"closed","template":"","meta":{"footnotes":""},"class_list":["post-142","page","type-page","status-publish","hentry"],"_links":{"self":[{"href":"https:\/\/interstem.eu\/index.php\/wp-json\/wp\/v2\/pages\/142","targetHints":{"allow":["GET"]}}],"collection":[{"href":"https:\/\/interstem.eu\/index.php\/wp-json\/wp\/v2\/pages"}],"about":[{"href":"https:\/\/interstem.eu\/index.php\/wp-json\/wp\/v2\/types\/page"}],"author":[{"embeddable":true,"href":"https:\/\/interstem.eu\/index.php\/wp-json\/wp\/v2\/users\/1"}],"replies":[{"embeddable":true,"href":"https:\/\/interstem.eu\/index.php\/wp-json\/wp\/v2\/comments?post=142"}],"version-history":[{"count":1,"href":"https:\/\/interstem.eu\/index.php\/wp-json\/wp\/v2\/pages\/142\/revisions"}],"predecessor-version":[{"id":664,"href":"https:\/\/interstem.eu\/index.php\/wp-json\/wp\/v2\/pages\/142\/revisions\/664"}],"wp:attachment":[{"href":"https:\/\/interstem.eu\/index.php\/wp-json\/wp\/v2\/media?parent=142"}],"curies":[{"name":"wp","href":"https:\/\/api.w.org\/{rel}","templated":true}]}}