{"id":140,"date":"2021-01-30T21:36:05","date_gmt":"2021-01-30T19:36:05","guid":{"rendered":"https:\/\/interstem.education\/?page_id=140"},"modified":"2021-04-20T16:18:36","modified_gmt":"2021-04-20T16:18:36","slug":"partenaires-du-projet","status":"publish","type":"page","link":"https:\/\/interstem.eu\/index.php\/fr\/partenaires-du-projet\/","title":{"rendered":"Partenaires du projet"},"content":{"rendered":"\n<div class=\"wp-block-media-text alignwide is-stacked-on-mobile\" style=\"grid-template-columns:27% auto\"><figure class=\"wp-block-media-text__media\"><img loading=\"lazy\" decoding=\"async\" width=\"300\" height=\"144\" src=\"https:\/\/interstem.eu\/wp-content\/uploads\/2021\/01\/boreal-300x144-2.jpg\" alt=\"\" class=\"wp-image-283 size-full\"\/><\/figure><div class=\"wp-block-media-text__content\">\n<h3 class=\"wp-block-heading\">Boreal Innovation \u2013 Coop\u00e9rative pour le D\u00e9veloppement de la Cr\u00e9ativit\u00e9 et de l\u2019Innovation, France<\/h3>\n\n\n\n<p>La coop\u00e9rative Boreal Innovation offre un accompagnement personnalis\u00e9, des formations ainsi que de nombreux ateliers d\u2019\u00e9changes autour de la th\u00e9matique du num\u00e9rique. Ainsi qu\u2019un environnement propice au transfert d\u2019exp\u00e9riences&nbsp; et \u00e0 l\u2019\u00e9change de bonnes pratiques entre les membres de la coop\u00e9rative. Lab\u00e9lis\u00e9e French Tech, Boreal Innovation est&nbsp; reconnue&nbsp; pour sa d\u00e9marche innovante sur le territoire national ainsi que son implication au sein de l\u2019\u00e9cosyst\u00e8me num\u00e9rique. <br><a rel=\"noreferrer noopener\" href=\"http:\/\/boreal-innovation.com\/\" target=\"_blank\">boreal-innovation.com<\/a> <\/p>\n<\/div><\/div>\n\n\n\n<div class=\"wp-block-media-text alignwide is-stacked-on-mobile\" style=\"grid-template-columns:26% auto\"><figure class=\"wp-block-media-text__media\"><img loading=\"lazy\" decoding=\"async\" width=\"200\" height=\"195\" src=\"https:\/\/interstem.eu\/wp-content\/uploads\/2021\/01\/QMED-Logo-small-1.png\" alt=\"\" class=\"wp-image-286 size-full\"\/><\/figure><div class=\"wp-block-media-text__content\">\n<h3 class=\"wp-block-heading\">Quarter Mediation, Netherlands<\/h3>\n\n\n\n<p>Quarter M\u00e9diation est un centre de formation ax\u00e9 sur l\u2019\u00e9ducation et la culture \u00e0 dimension europ\u00e9enne. Quarter M\u00e9diation a pour objectif principal de promouvoir l\u2019apprentissage tout au long de la vie et de cr\u00e9er des liens entre les syst\u00e8mes \u00e9ducatifs des diff\u00e9rents pays europ\u00e9ens sur des th\u00e9matiques comme &nbsp;l\u2019enseignement g\u00e9n\u00e9ral ou encore les d\u00e9terminants de l\u2019employabilit\u00e9 des publics.<\/p>\n\n\n\n<p><a href=\"http:\/\/www.quartermediation.eu\/\" target=\"_blank\" rel=\"noreferrer noopener\">www.quartermediation.eu<\/a><\/p>\n<\/div><\/div>\n\n\n\n<div class=\"wp-block-media-text alignwide is-stacked-on-mobile\" style=\"grid-template-columns:26% auto\"><figure class=\"wp-block-media-text__media\"><img loading=\"lazy\" decoding=\"async\" width=\"146\" height=\"80\" src=\"https:\/\/interstem.eu\/wp-content\/uploads\/2021\/01\/Logo-ASSE-2.png\" alt=\"\" class=\"wp-image-288 size-full\"\/><\/figure><div class=\"wp-block-media-text__content\">\n<h3 class=\"wp-block-heading\">Asociatia de Studii Socio-Economice, Romania<\/h3>\n\n\n\n<p>Asocia\u0163ia de Studii Socio-Economice est une ONG active dans les secteurs de l\u2019\u00e9ducation, de l\u2019\u00e9conomie et du social. Ax\u00e9e principalement sur l\u2019\u00e9ducation des jeunes et des adultes, cette ONG joue un r\u00f4le de conseil en produisant des \u00e9tudes sociales et &nbsp;\u00e9conomiques qui permettent la r\u00e9solution des enjeux soci\u00e9taux.<\/p>\n\n\n\n<p><a href=\"http:\/\/asse.rotind.ro\/\" target=\"_blank\" rel=\"noreferrer noopener\">asse.rotind.ro<\/a><\/p>\n<\/div><\/div>\n\n\n\n<div class=\"wp-block-media-text alignwide is-stacked-on-mobile\" style=\"grid-template-columns:28% auto\"><figure class=\"wp-block-media-text__media\"><img loading=\"lazy\" decoding=\"async\" width=\"300\" height=\"240\" src=\"https:\/\/interstem.eu\/wp-content\/uploads\/2021\/01\/1epal_peram_W-300x240-3.png\" alt=\"\" class=\"wp-image-290 size-full\"\/><\/figure><div class=\"wp-block-media-text__content\">\n<h3 class=\"wp-block-heading\">1o Epaggelmatiko Lykeio Peramatos, Greece<\/h3>\n\n\n\n<p>1o Epaggelmatiko Lykeio Peramatos est un lyc\u00e9e professionnel d\u2019enseignement g\u00e9n\u00e9ral et professionnel. Toutes les composantes d\u2019enseignements appliquent un &nbsp;savant m\u00e9lange de m\u00e9thodes d\u2019apprentissage centr\u00e9es sur l\u2019\u00e9tudiant ainsi que sur le professeur, afin de pr\u00e9parer au mieux les \u00e9l\u00e8ves aux examens ainsi qu\u2019\u00e0 leurs int\u00e9grations sur le march\u00e9 du travail.<\/p>\n\n\n\n<p><a rel=\"noreferrer noopener\" href=\"http:\/\/1epal-peram.att.sch.gr\/\" target=\"_blank\">1epal-peram.att.sch.gr<\/a> <\/p>\n<\/div><\/div>\n\n\n\n<div class=\"wp-block-media-text alignwide is-stacked-on-mobile\" style=\"grid-template-columns:28% auto\"><figure class=\"wp-block-media-text__media\"><img loading=\"lazy\" decoding=\"async\" width=\"249\" height=\"61\" src=\"https:\/\/interstem.eu\/wp-content\/uploads\/2021\/01\/logo_CB-2.png\" alt=\"\" class=\"wp-image-293 size-full\"\/><\/figure><div class=\"wp-block-media-text__content\">\n<h3 class=\"wp-block-heading\">Cookie Box, Spain<\/h3>\n\n\n\n<p>Cookie Box propose des solutions adapt\u00e9es de gamification et de story-telling trans-m\u00e9dias aux diff\u00e9rents acteurs du web \u00e0 travers un large choix de support&nbsp;: courts-m\u00e9trages, des bandes dessin\u00e9es en mouvement, teasers, ateliers, jeux de soci\u00e9t\u00e9, application et plateformes Gamified et mini-jeux.<\/p>\n\n\n\n<p><a href=\"http:\/\/cookiebox.es\/\" target=\"_blank\" rel=\"noreferrer noopener\">cookiebox.es<\/a><\/p>\n<\/div><\/div>\n\n\n\n<p><\/p>\n","protected":false},"excerpt":{"rendered":"<p>Boreal Innovation \u2013 Coop\u00e9rative pour le D\u00e9veloppement de la Cr\u00e9ativit\u00e9 et de l\u2019Innovation, France La coop\u00e9rative Boreal Innovation offre un accompagnement personnalis\u00e9, des formations ainsi que de nombreux ateliers d\u2019\u00e9changes autour de la th\u00e9matique du num\u00e9rique. Ainsi qu\u2019un environnement propice au transfert d\u2019exp\u00e9riences&nbsp; et \u00e0 l\u2019\u00e9change de bonnes pratiques entre les membres de la coop\u00e9rative. &hellip; <a href=\"https:\/\/interstem.eu\/index.php\/fr\/partenaires-du-projet\/\" class=\"more-link\">Continue reading <span class=\"screen-reader-text\">Partenaires du projet<\/span><\/a><\/p>\n","protected":false},"author":1,"featured_media":0,"parent":0,"menu_order":0,"comment_status":"closed","ping_status":"closed","template":"","meta":{"footnotes":""},"class_list":["post-140","page","type-page","status-publish","hentry"],"_links":{"self":[{"href":"https:\/\/interstem.eu\/index.php\/wp-json\/wp\/v2\/pages\/140","targetHints":{"allow":["GET"]}}],"collection":[{"href":"https:\/\/interstem.eu\/index.php\/wp-json\/wp\/v2\/pages"}],"about":[{"href":"https:\/\/interstem.eu\/index.php\/wp-json\/wp\/v2\/types\/page"}],"author":[{"embeddable":true,"href":"https:\/\/interstem.eu\/index.php\/wp-json\/wp\/v2\/users\/1"}],"replies":[{"embeddable":true,"href":"https:\/\/interstem.eu\/index.php\/wp-json\/wp\/v2\/comments?post=140"}],"version-history":[{"count":1,"href":"https:\/\/interstem.eu\/index.php\/wp-json\/wp\/v2\/pages\/140\/revisions"}],"predecessor-version":[{"id":651,"href":"https:\/\/interstem.eu\/index.php\/wp-json\/wp\/v2\/pages\/140\/revisions\/651"}],"wp:attachment":[{"href":"https:\/\/interstem.eu\/index.php\/wp-json\/wp\/v2\/media?parent=140"}],"curies":[{"name":"wp","href":"https:\/\/api.w.org\/{rel}","templated":true}]}}