{"id":136,"date":"2021-01-30T21:33:15","date_gmt":"2021-01-30T19:33:15","guid":{"rendered":"https:\/\/interstem.education\/?page_id=136"},"modified":"2022-09-12T19:05:20","modified_gmt":"2022-09-12T19:05:20","slug":"rezultate","status":"publish","type":"page","link":"https:\/\/interstem.eu\/index.php\/ro\/rezultate\/","title":{"rendered":"Rezultate"},"content":{"rendered":"\n<div class=\"wp-block-media-text alignwide has-media-on-the-right is-stacked-on-mobile\" style=\"grid-template-columns:auto 21%\"><figure class=\"wp-block-media-text__media\"><a href=\"https:\/\/drive.google.com\/file\/d\/1nzkOpveutNOjX0EwFIzaAmxUIOPwmwRt\/view?usp=sharing\"><img loading=\"lazy\" decoding=\"async\" width=\"192\" height=\"248\" src=\"https:\/\/interstem.eu\/wp-content\/uploads\/2021\/05\/IO1-InterSTEM_RO.png\" alt=\"\" class=\"wp-image-801 size-full\"\/><\/a><\/figure><div class=\"wp-block-media-text__content\">\n<p class=\"has-medium-font-size\"><a href=\"https:\/\/drive.google.com\/file\/d\/1nzkOpveutNOjX0EwFIzaAmxUIOPwmwRt\/view?usp=sharing\">1. Inventarul european al metodelor de predare bazate pe povestiri \u0219i tehnici de gamificare, metode de predare interdisciplinare \u0219i \u0219tiin\u021b\u0103, tehnologie, inginerie \u0219i matematic\u0103 (STEM) instrumente utilizate \u00een \u00eenv\u0103\u021b\u0103m\u00e2ntul obligatoriu<\/a><\/p>\n<\/div><\/div>\n\n\n\n<div class=\"wp-block-media-text alignwide has-media-on-the-right is-stacked-on-mobile\" style=\"grid-template-columns:auto 21%\"><figure class=\"wp-block-media-text__media\"><a href=\"https:\/\/drive.google.com\/file\/d\/1UGhezNK1gQ026MjBzMV8TGeCpmYVe8dM\/view?usp=sharing\"><img loading=\"lazy\" decoding=\"async\" width=\"331\" height=\"373\" src=\"https:\/\/interstem.eu\/wp-content\/uploads\/2021\/09\/IO2_RO.png\" alt=\"\" class=\"wp-image-868 size-full\" srcset=\"https:\/\/interstem.eu\/wp-content\/uploads\/2021\/09\/IO2_RO.png 331w, https:\/\/interstem.eu\/wp-content\/uploads\/2021\/09\/IO2_RO-266x300.png 266w\" sizes=\"auto, (max-width: 331px) 100vw, 331px\" \/><\/a><\/figure><div class=\"wp-block-media-text__content\">\n<p class=\"has-medium-font-size\"><a href=\"https:\/\/drive.google.com\/file\/d\/1UGhezNK1gQ026MjBzMV8TGeCpmYVe8dM\/view?usp=sharing\">2. Planul metodologiei pentru procesul de predare a disciplinelor non-STEM \u00een \u00eenv\u0103\u021b\u0103m\u00e2ntul obligatoriu, prin intermediul povestirilor \u0219i tehnicilor de gamificare pentru a facilita \u00eenv\u0103\u021barea empiric\u0103 imersiv\u0103 bazat\u0103 pe STEM<\/a> <\/p>\n<\/div><\/div>\n\n\n\n<div class=\"wp-block-media-text alignwide has-media-on-the-right is-stacked-on-mobile\" style=\"grid-template-columns:auto 21%\"><figure class=\"wp-block-media-text__media\"><a href=\"https:\/\/drive.google.com\/file\/d\/1UGhezNK1gQ026MjBzMV8TGeCpmYVe8dM\/view?usp=sharing\"><img loading=\"lazy\" decoding=\"async\" width=\"612\" height=\"266\" src=\"https:\/\/interstem.eu\/wp-content\/uploads\/2022\/07\/educational-game.jpg\" alt=\"\" class=\"wp-image-1098 size-full\" srcset=\"https:\/\/interstem.eu\/wp-content\/uploads\/2022\/07\/educational-game.jpg 612w, https:\/\/interstem.eu\/wp-content\/uploads\/2022\/07\/educational-game-300x130.jpg 300w\" sizes=\"auto, (max-width: 612px) 100vw, 612px\" \/><\/a><\/figure><div class=\"wp-block-media-text__content\">\n<p class=\"has-medium-font-size\"><a href=\"https:\/\/interstem.eu\/index.php\/interstem-edugame-memoriile-lui-dracula\">3. Joc serios InterSTEM prin utilizarea STEM pentru predarea disciplinelor non-STEM \u00een \u00eenv\u0103\u021b\u0103m\u00e2ntul obligatoriu <\/a><\/p>\n<\/div><\/div>\n\n\n\n<div class=\"wp-block-media-text alignwide has-media-on-the-right is-stacked-on-mobile\" style=\"grid-template-columns:auto 21%\"><figure class=\"wp-block-media-text__media\"><a href=\"https:\/\/drive.google.com\/file\/d\/1UGhezNK1gQ026MjBzMV8TGeCpmYVe8dM\/view?usp=sharing\"><img loading=\"lazy\" decoding=\"async\" width=\"603\" height=\"856\" src=\"https:\/\/interstem.eu\/wp-content\/uploads\/2022\/07\/IO4-RO.png\" alt=\"\" class=\"wp-image-1096 size-full\" srcset=\"https:\/\/interstem.eu\/wp-content\/uploads\/2022\/07\/IO4-RO.png 603w, https:\/\/interstem.eu\/wp-content\/uploads\/2022\/07\/IO4-RO-211x300.png 211w\" sizes=\"auto, (max-width: 603px) 100vw, 603px\" \/><\/a><\/figure><div class=\"wp-block-media-text__content\">\n<p class=\"has-medium-font-size\"><a href=\"https:\/\/drive.google.com\/file\/d\/1s8ZUMfqHq5E3fGxhdsFMq1F0BpnDn6U_\/view?usp=sharing\" data-type=\"URL\" data-id=\"https:\/\/drive.google.com\/file\/d\/1s8ZUMfqHq5E3fGxhdsFMq1F0BpnDn6U_\/view?usp=sharing\" target=\"_blank\" rel=\"noreferrer noopener\">4. Tutorial despre modul de utilizare \u0219i adaptare a jocului serios InterSTEM la diferitele grupe de v\u00e2rst\u0103 ale elevilor implica\u021bi \u00een \u00eenv\u0103\u021b\u0103m\u00e2ntul obligatoriu <\/a><\/p>\n<\/div><\/div>\n\n\n\n<div class=\"wp-block-media-text alignwide has-media-on-the-right is-stacked-on-mobile\" style=\"grid-template-columns:auto 21%\"><figure class=\"wp-block-media-text__media\"><a href=\"https:\/\/drive.google.com\/file\/d\/1GJ8zEHZKPH-blejX9nWyoetIEAOvBq0d\/view?usp=sharing\"><img loading=\"lazy\" decoding=\"async\" width=\"722\" height=\"1024\" src=\"https:\/\/interstem.eu\/wp-content\/uploads\/2022\/08\/IO5-RO-722x1024.png\" alt=\"\" class=\"wp-image-1238 size-full\" srcset=\"https:\/\/interstem.eu\/wp-content\/uploads\/2022\/08\/IO5-RO-722x1024.png 722w, https:\/\/interstem.eu\/wp-content\/uploads\/2022\/08\/IO5-RO-212x300.png 212w, https:\/\/interstem.eu\/wp-content\/uploads\/2022\/08\/IO5-RO.png 747w\" sizes=\"auto, (max-width: 722px) 100vw, 722px\" \/><\/a><\/figure><div class=\"wp-block-media-text__content\">\n<p><a href=\"https:\/\/drive.google.com\/file\/d\/1GJ8zEHZKPH-blejX9nWyoetIEAOvBq0d\/view?usp=sharing\" data-type=\"URL\" data-id=\"https:\/\/drive.google.com\/file\/d\/1GJ8zEHZKPH-blejX9nWyoetIEAOvBq0d\/view?usp=sharing\" target=\"_blank\" rel=\"noreferrer noopener\">5. Instruc\u021biuni \u0219i recomand\u0103ri pentru adaptarea jocurilor serioase interdisciplinare InterSTEM la diferite grupuri \u021bint\u0103 de cursan\u021bi \u0219i cadre didactice implicate \u00een \u00eenv\u0103\u021b\u0103m\u00e2ntul obligatoriu la diferite niveluri<\/a><\/p>\n<\/div><\/div>\n","protected":false},"excerpt":{"rendered":"<p>1. Inventarul european al metodelor de predare bazate pe povestiri \u0219i tehnici de gamificare, metode de predare interdisciplinare \u0219i \u0219tiin\u021b\u0103, tehnologie, inginerie \u0219i matematic\u0103 (STEM) instrumente utilizate \u00een \u00eenv\u0103\u021b\u0103m\u00e2ntul obligatoriu 2. Planul metodologiei pentru procesul de predare a disciplinelor non-STEM \u00een \u00eenv\u0103\u021b\u0103m\u00e2ntul obligatoriu, prin intermediul povestirilor \u0219i tehnicilor de gamificare pentru a facilita \u00eenv\u0103\u021barea empiric\u0103 &hellip; <a href=\"https:\/\/interstem.eu\/index.php\/ro\/rezultate\/\" class=\"more-link\">Continue reading <span class=\"screen-reader-text\">Rezultate<\/span><\/a><\/p>\n","protected":false},"author":1,"featured_media":0,"parent":0,"menu_order":0,"comment_status":"closed","ping_status":"closed","template":"","meta":{"footnotes":""},"class_list":["post-136","page","type-page","status-publish","hentry"],"_links":{"self":[{"href":"https:\/\/interstem.eu\/index.php\/wp-json\/wp\/v2\/pages\/136","targetHints":{"allow":["GET"]}}],"collection":[{"href":"https:\/\/interstem.eu\/index.php\/wp-json\/wp\/v2\/pages"}],"about":[{"href":"https:\/\/interstem.eu\/index.php\/wp-json\/wp\/v2\/types\/page"}],"author":[{"embeddable":true,"href":"https:\/\/interstem.eu\/index.php\/wp-json\/wp\/v2\/users\/1"}],"replies":[{"embeddable":true,"href":"https:\/\/interstem.eu\/index.php\/wp-json\/wp\/v2\/comments?post=136"}],"version-history":[{"count":21,"href":"https:\/\/interstem.eu\/index.php\/wp-json\/wp\/v2\/pages\/136\/revisions"}],"predecessor-version":[{"id":1524,"href":"https:\/\/interstem.eu\/index.php\/wp-json\/wp\/v2\/pages\/136\/revisions\/1524"}],"wp:attachment":[{"href":"https:\/\/interstem.eu\/index.php\/wp-json\/wp\/v2\/media?parent=136"}],"curies":[{"name":"wp","href":"https:\/\/api.w.org\/{rel}","templated":true}]}}