{"id":124,"date":"2021-01-30T21:26:04","date_gmt":"2021-01-30T19:26:04","guid":{"rendered":"https:\/\/interstem.education\/?page_id=124"},"modified":"2021-04-20T16:26:32","modified_gmt":"2021-04-20T16:26:32","slug":"proiect","status":"publish","type":"page","link":"https:\/\/interstem.eu\/index.php\/ro\/proiect\/","title":{"rendered":"Proiect"},"content":{"rendered":"\n<p class=\"has-text-align-justify\"><p class=\"has-text-align-justify has-custom-font\" style=\"font-family:Roboto\">Accentul principal al proiectului InterSTEM este de a utiliza tehnologiile digitale, a metodelor de predare interdisciplinare, gamificarea \u0219i materiile STEM (\u0218tiin\u021b\u0103, Tehnologie, Inginerie \u0219i Matematic\u0103) pentru predarea disciplinelor non-STEM, cum ar fi Istorie, limbile str\u0103ine sau Economie, \u00een \u00eenv\u0103\u021b\u0103m\u00e2ntul obligatoriu.&nbsp;<\/p><\/p>\n\n\n\n<p><p class=\"has-custom-font\" style=\"font-family:Roboto\"><span style=\"color:#00a35f\" class=\"has-inline-color\">Obiective:<\/span><\/p><\/p>\n\n\n\n<ul class=\"has-custom-font wp-block-list\" style=\"font-family:Roboto\"><li>s\u0103 dezvolte strategii didactice inovatoare \u0219i resurse creative pentru predarea \u0219i \u00eenv\u0103\u021barea disciplinelor non-STEM \u00eentr-un mod mai motivant \u00een \u00eenv\u0103\u021b\u0103m\u00e2ntul obligatoriu;<\/li><li>cre\u0219terea con\u0219tientiz\u0103rii profesorilor cu privire la avantajele utiliz\u0103rii metodelor de predare interdisciplinare combinate, a povestirii \u0219i a&nbsp; materiilor STEM \u00een predarea disciplinelor non-STEM \u00een \u00eenv\u0103\u021b\u0103m\u00e2ntul obligatoriu;<\/li><li>s\u0103 ofere profesorilor de materii non-STEM abilit\u0103\u021bile soft necesare pentru a sus\u021bine \u00eenv\u0103\u021barea autoreglat\u0103 a elevilor, competen\u021ba digital\u0103 \u0219i autonomia \u00een \u00eenv\u0103\u021bare, astfel \u00eenc\u00e2t elevul s\u0103 aib\u0103 o motiva\u021bie crescut\u0103 de \u00eenv\u0103\u021bare \u0219i s\u0103 poat\u0103 conduce propriul proces de \u00eenv\u0103\u021bare \u0219i s\u0103 aleag\u0103 calea de atingere a obiectivelor de \u00eenv\u0103\u021bare cerute de curriculum.<\/li><\/ul>\n\n\n\n<p><p class=\"has-custom-font\" style=\"font-family:Roboto\"><span style=\"color:#00a379\" class=\"has-inline-color\">Grupuri \u021bint\u0103:<\/span><\/p><\/p>\n\n\n\n<ul class=\"has-custom-font wp-block-list\" style=\"font-family:Roboto\"><li>profesorii de materii non-STEM implica\u021bi \u00een \u00eenv\u0103\u021b\u0103m\u00e2ntul obligatoriu;<\/li><li>profesorii de toate disciplinele \u0219i personalul educa\u021bional;<\/li><li>elevii implica\u021bi \u00een \u00eenv\u0103\u021b\u0103m\u00e2ntul obligatoriu.<\/li><\/ul>\n","protected":false},"excerpt":{"rendered":"<p>Accentul principal al proiectului InterSTEM este de a utiliza tehnologiile digitale, a metodelor de predare interdisciplinare, gamificarea \u0219i materiile STEM (\u0218tiin\u021b\u0103, Tehnologie, Inginerie \u0219i Matematic\u0103) pentru predarea disciplinelor non-STEM, cum ar fi Istorie, limbile str\u0103ine sau Economie, \u00een \u00eenv\u0103\u021b\u0103m\u00e2ntul obligatoriu.&nbsp; Obiective: s\u0103 dezvolte strategii didactice inovatoare \u0219i resurse creative pentru predarea \u0219i \u00eenv\u0103\u021barea disciplinelor non-STEM &hellip; <a href=\"https:\/\/interstem.eu\/index.php\/ro\/proiect\/\" class=\"more-link\">Continue reading <span class=\"screen-reader-text\">Proiect<\/span><\/a><\/p>\n","protected":false},"author":1,"featured_media":0,"parent":0,"menu_order":0,"comment_status":"closed","ping_status":"closed","template":"","meta":{"footnotes":""},"class_list":["post-124","page","type-page","status-publish","hentry"],"_links":{"self":[{"href":"https:\/\/interstem.eu\/index.php\/wp-json\/wp\/v2\/pages\/124","targetHints":{"allow":["GET"]}}],"collection":[{"href":"https:\/\/interstem.eu\/index.php\/wp-json\/wp\/v2\/pages"}],"about":[{"href":"https:\/\/interstem.eu\/index.php\/wp-json\/wp\/v2\/types\/page"}],"author":[{"embeddable":true,"href":"https:\/\/interstem.eu\/index.php\/wp-json\/wp\/v2\/users\/1"}],"replies":[{"embeddable":true,"href":"https:\/\/interstem.eu\/index.php\/wp-json\/wp\/v2\/comments?post=124"}],"version-history":[{"count":1,"href":"https:\/\/interstem.eu\/index.php\/wp-json\/wp\/v2\/pages\/124\/revisions"}],"predecessor-version":[{"id":662,"href":"https:\/\/interstem.eu\/index.php\/wp-json\/wp\/v2\/pages\/124\/revisions\/662"}],"wp:attachment":[{"href":"https:\/\/interstem.eu\/index.php\/wp-json\/wp\/v2\/media?parent=124"}],"curies":[{"name":"wp","href":"https:\/\/api.w.org\/{rel}","templated":true}]}}