{"id":119,"date":"2021-01-30T21:22:07","date_gmt":"2021-01-30T19:22:07","guid":{"rendered":"https:\/\/interstem.education\/?page_id=119"},"modified":"2021-04-24T18:52:46","modified_gmt":"2021-04-24T18:52:46","slug":"etairoi-tou-ergou","status":"publish","type":"page","link":"https:\/\/interstem.eu\/index.php\/el\/etairoi-tou-ergou\/","title":{"rendered":"\u0395\u03c4\u03b1\u03af\u03c1\u03bf\u03b9 \u03c4\u03bf\u03c5 \u03ad\u03c1\u03b3\u03bf\u03c5"},"content":{"rendered":"\n<div class=\"wp-block-media-text alignwide is-stacked-on-mobile\" style=\"grid-template-columns:31% auto\"><figure class=\"wp-block-media-text__media\"><img loading=\"lazy\" decoding=\"async\" width=\"300\" height=\"144\" src=\"https:\/\/interstem.eu\/wp-content\/uploads\/2021\/02\/boreal-300x144-1.jpg\" alt=\"\" class=\"wp-image-360 size-full\"\/><\/figure><div class=\"wp-block-media-text__content\">\n<h3 class=\"wp-block-heading\">Boreal Innovation \u2013 Coop\u00e9rative pour le D\u00e9veloppement de la Cr\u00e9ativit\u00e9 et de l\u2019Innovation, France<\/h3>\n\n\n\n<p class=\"has-text-align-justify\">\u0397 Bor\u00e9al Innovation \u03b5\u03af\u03bd\u03b1\u03b9 \u03ad\u03bd\u03b1\u03c2 \u03bf\u03c1\u03b3\u03b1\u03bd\u03b9\u03c3\u03bc\u03cc\u03c2 \u03c0\u03bf\u03c5 \u03c0\u03c1\u03bf\u03c3\u03c6\u03ad\u03c1\u03b5\u03b9 \u03b5\u03be\u03b1\u03c4\u03bf\u03bc\u03b9\u03ba\u03b5\u03c5\u03bc\u03ad\u03bd\u03b7 \u03c5\u03c0\u03bf\u03c3\u03c4\u03ae\u03c1\u03b9\u03be\u03b7, \u03ba\u03b1\u03c4\u03ac\u03c1\u03c4\u03b9\u03c3\u03b7 \u03ba\u03b1\u03b9 workshop \u03bc\u03b5 \u03c3\u03ba\u03bf\u03c0\u03cc \u03c4\u03b7 \u03bc\u03b5\u03c4\u03b1\u03c6\u03bf\u03c1\u03ac \u03ba\u03b1\u03b9 \u03b1\u03bd\u03c4\u03b1\u03bb\u03bb\u03b1\u03b3\u03ae \u03b5\u03bc\u03c0\u03b5\u03b9\u03c1\u03b9\u03ce\u03bd \u03b1\u03bd\u03ac\u03bc\u03b5\u03c3\u03b1 \u03c3\u03c4\u03b7\u03bd \u03b5\u03ba\u03c0\u03b1\u03af\u03b4\u03b5\u03c5\u03c3\u03b7 \u03ba\u03b1\u03b9 \u03c4\u03b7\u03bd \u03ba\u03bf\u03b9\u03bd\u03c9\u03bd\u03af\u03b1. \u0388\u03c7\u03b5\u03b9 \u03b2\u03c1\u03b1\u03b2\u03b5\u03c5\u03b8\u03b5\u03af \u03bc\u03b5 \u201cFrench Tech\u201d, \u03bc\u03af\u03b1 \u03b5\u03c4\u03b9\u03ba\u03ad\u03c4\u03b1 \u03c0\u03bf\u03c5 \u03b4\u03af\u03bd\u03b5\u03c4\u03b1\u03b9 \u03c3\u03b5 \u03b3\u03b1\u03bb\u03bb\u03b9\u03ba\u03ad\u03c2 \u03ba\u03b1\u03b9\u03bd\u03bf\u03c4\u03cc\u03bc\u03b5\u03c2 \u03b5\u03c4\u03b1\u03b9\u03c1\u03b5\u03af\u03b5\u03c2, \u03c9\u03c2 \u03b1\u03bd\u03b1\u03b3\u03bd\u03ce\u03c1\u03b9\u03c3\u03b7 \u03b3\u03b9\u03b1 \u03c4\u03bf \u03b4\u03af\u03ba\u03c4\u03c5\u03bf \u03bd\u03b5\u03bf\u03c6\u03c5\u03ce\u03bd \u03b5\u03c0\u03b9\u03c7\u03b5\u03b9\u03c1\u03ae\u03c3\u03b5\u03c9\u03bd (startups) \u03c0\u03bf\u03c5 \u03ad\u03c7\u03b5\u03b9 \u03b4\u03b7\u03bc\u03b9\u03bf\u03c5\u03c1\u03b3\u03ae\u03c3\u03b5\u03b9.<\/p>\n\n\n\n<p><a href=\"http:\/\/boreal-innovation.com\/\" target=\"_blank\" rel=\"noreferrer noopener\">boreal-innovation.com<\/a><\/p>\n<\/div><\/div>\n\n\n\n<div class=\"wp-block-media-text alignwide is-stacked-on-mobile\" style=\"grid-template-columns:31% auto\"><figure class=\"wp-block-media-text__media\"><img loading=\"lazy\" decoding=\"async\" width=\"200\" height=\"195\" src=\"https:\/\/interstem.eu\/wp-content\/uploads\/2021\/02\/QMED-Logo-small.png\" alt=\"\" class=\"wp-image-363 size-full\"\/><\/figure><div class=\"wp-block-media-text__content\">\n<h3 class=\"wp-block-heading\">Quarter Mediation, Netherlands<\/h3>\n\n\n\n<p class=\"has-text-align-justify\">\u0397 Quarter Mediation &nbsp;\u03b5\u03af\u03bd\u03b1\u03b9 \u03ad\u03bd\u03b1\u03c2 \u03bf\u03c1\u03b3\u03b1\u03bd\u03b9\u03c3\u03bc\u03cc\u03c2 \u03b5\u03ba\u03c0\u03b1\u03af\u03b4\u03b5\u03c5\u03c3\u03b7\u03c2 \u03b5\u03bd\u03b7\u03bb\u03af\u03ba\u03c9\u03bd \u03c3\u03b5 \u03b5\u03c5\u03c1\u03c9\u03c0\u03b1\u03ca\u03ba\u03cc \u03b5\u03c0\u03af\u03c0\u03b5\u03b4\u03bf , \u03bf \u03bf\u03c0\u03bf\u03af\u03bf\u03c2 \u03bf\u03c1\u03b3\u03b1\u03bd\u03ce\u03bd\u03b5\u03b9 \u03c3\u03b5\u03bc\u03b9\u03bd\u03ac\u03c1\u03b9\u03b1\/\u03ba\u03cd\u03ba\u03bb\u03bf\u03c5\u03c2 \u03ba\u03b1\u03c4\u03ac\u03c1\u03c4\u03b9\u03c3\u03b7\u03c2 \u03b5\u03ba\u03c0\u03b1\u03b9\u03b4\u03b5\u03c5\u03c4\u03b9\u03ba\u03ce\u03bd, \u03b5\u03c5\u03c1\u03c9\u03c0\u03b1\u03ca\u03ba\u03ac \u03c0\u03c1\u03cc\u03c4\u03b6\u03b5\u03ba\u03c4 \u03c3\u03c4\u03bf \u03c0\u03bb\u03b1\u03af\u03c3\u03b9\u03bf \u03c4\u03c9\u03bd \u03c0\u03c1\u03bf\u03b3\u03c1\u03b1\u03bc\u03bc\u03ac\u03c4\u03c9\u03bd&nbsp; \u03c4\u03b7\u03c2 \u0395\u03c5\u03c1\u03c9\u03c0\u03b1\u03ca\u03ba\u03ae\u03c2 \u0395\u03c0\u03b9\u03c4\u03c1\u03bf\u03c0\u03ae\u03c2, \u03ba\u03b1\u03b8\u03ce\u03c2 \u03ba\u03b1\u03b9 \u03c0\u03c1\u03cc\u03c4\u03b6\u03b5\u03ba\u03c4&nbsp; \u03b5\u03c3\u03c4\u03b9\u03b1\u03c3\u03bc\u03ad\u03bd\u03b1 \u03c3\u03c4\u03b7\u03bd \u03b5\u03ba\u03c0\u03b1\u03af\u03b4\u03b5\u03c5\u03c3\u03b7 \u03ba\u03b1\u03b9 \u03c4\u03bf\u03bd \u03c0\u03bf\u03bb\u03b9\u03c4\u03b9\u03c3\u03bc\u03cc. &nbsp;\u0397 Quarter Mediation \u03ad\u03c7\u03b5\u03b9 \u03c9\u03c2 \u03ba\u03cd\u03c1\u03b9\u03bf\u03c5\u03c2 \u03c3\u03ba\u03bf\u03c0\u03bf\u03cd\u03c2 \u03b1\u03c6\u03b5\u03bd\u03cc\u03c2 \u03bd\u03b1 \u03c0\u03c1\u03bf\u03c9\u03b8\u03ae\u03c3\u03b5\u03b9 \u03c4\u03b7 \u03b4\u03b9\u03b1 \u03b2\u03af\u03bf\u03c5 \u03bc\u03ac\u03b8\u03b7\u03c3\u03b7, \u03b1\u03c6\u03b5\u03c4\u03ad\u03c1\u03bf\u03c5 \u03bd\u03b1 \u03b4\u03b7\u03bc\u03b9\u03bf\u03c5\u03c1\u03b3\u03ae\u03c3\u03b5\u03b9 \u03bc\u03af\u03b1 \u03c3\u03cd\u03bd\u03b4\u03b5\u03c3\u03b7 \u03b1\u03bd\u03ac\u03bc\u03b5\u03c3\u03b1 \u03c3\u03c4\u03b1 \u03b5\u03ba\u03c0\u03b1\u03b9\u03b4\u03b5\u03c5\u03c4\u03b9\u03ba\u03ac \u03c3\u03c5\u03c3\u03c4\u03ae\u03bc\u03b1\u03c4\u03b1 \u03b4\u03b9\u03ac\u03c6\u03bf\u03c1\u03c9\u03bd \u03c7\u03c9\u03c1\u03ce\u03bd&nbsp; (\u03b3\u03b5\u03bd\u03b9\u03ba\u03ae\u03c2 \u03c0\u03b1\u03b9\u03b4\u03b5\u03af\u03b1\u03c2 \u03ba\u03b1\u03b9 \u03b5\u03c0\u03b1\u03b3\u03b3\u03b5\u03bb\u03bc\u03b1\u03c4\u03b9\u03ba\u03ae\u03c2 \u03ba\u03b1\u03c4\u03ac\u03c1\u03c4\u03b9\u03c3\u03b7\u03c2) \u03ba\u03b1\u03b9 \u03c4\u03b7\u03bd \u03b1\u03b3\u03bf\u03c1\u03ac \u03b5\u03c1\u03b3\u03b1\u03c3\u03af\u03b1\u03c2.<\/p>\n\n\n\n<p><a href=\"http:\/\/www.quartermediation.eu\/\" target=\"_blank\" rel=\"noreferrer noopener\">www.quartermediation.eu<\/a><\/p>\n<\/div><\/div>\n\n\n\n<div class=\"wp-block-media-text alignwide is-stacked-on-mobile\" style=\"grid-template-columns:32% auto\"><figure class=\"wp-block-media-text__media\"><img loading=\"lazy\" decoding=\"async\" width=\"146\" height=\"80\" src=\"https:\/\/interstem.eu\/wp-content\/uploads\/2021\/02\/Logo-ASSE.png\" alt=\"\" class=\"wp-image-365 size-full\"\/><\/figure><div class=\"wp-block-media-text__content\">\n<h3 class=\"wp-block-heading\">Asociatia de Studii Socio-Economice, Romania<\/h3>\n\n\n\n<p class=\"has-text-align-justify\">\u0397 Asociatia de Studii Socio-Economice \u03b5\u03af\u03bd\u03b1\u03b9 \u03bc\u03af\u03b1 \u039c\u03b7 \u039a\u03c5\u03b2\u03b5\u03c1\u03bd\u03b7\u03c4\u03b9\u03ba\u03ae \u039f\u03c1\u03b3\u03ac\u03bd\u03c9\u03c3\u03b7 \u03c0\u03bf\u03c5 \u03b4\u03c1\u03b1\u03c3\u03c4\u03b7\u03c1\u03b9\u03bf\u03c0\u03bf\u03b9\u03b5\u03af\u03c4\u03b1\u03b9 \u03c3\u03c4\u03b7\u03bd \u03b5\u03ba\u03c0\u03b1\u03af\u03b4\u03b5\u03c5\u03c3\u03b7 \u03ba\u03b1\u03b9 \u03b1\u03c3\u03c7\u03bf\u03bb\u03b5\u03af\u03c4\u03b1\u03b9 \u03bc\u03b5 \u03ba\u03bf\u03b9\u03bd\u03c9\u03bd\u03b9\u03ba\u03ac \u03ba\u03b1\u03b9 \u03bf\u03b9\u03ba\u03bf\u03bd\u03bf\u03bc\u03b9\u03ba\u03ac \u03b8\u03ad\u03bc\u03b1\u03c4\u03b1. \u03a9\u03c2 \u03ba\u03cd\u03c1\u03b9\u03bf \u03c3\u03ba\u03bf\u03c0\u03cc \u03ad\u03c7\u03b5\u03b9 \u03bd\u03b1 \u03b5\u03ba\u03c0\u03b1\u03b9\u03b4\u03b5\u03cd\u03c3\u03b5\u03b9 \u03ac\u03c4\u03bf\u03bc\u03b1 \u03bd\u03b5\u03b1\u03c1\u03ae\u03c2 \u03b7\u03bb\u03b9\u03ba\u03af\u03b1\u03c2 \u03ba\u03b1\u03b9 \u03b5\u03bd\u03ae\u03bb\u03b9\u03ba\u03b5\u03c2 \u03ba\u03b1\u03b8\u03ce\u03c2 \u03ba\u03b1\u03b9 \u03bd\u03b1 \u03bc\u03b5\u03bb\u03b5\u03c4\u03ae\u03c3\u03b5\u03b9 \u03c4\u03b7\u03bd \u03ba\u03bf\u03b9\u03bd\u03c9\u03bd\u03b9\u03ba\u03bf\u03bf\u03b9\u03ba\u03bf\u03bd\u03bf\u03bc\u03b9\u03ba\u03ae \u03ba\u03b1\u03c4\u03ac\u03c3\u03c4\u03b1\u03c3\u03b7 \u03c4\u03b7\u03c2 \u03ba\u03bf\u03b9\u03bd\u03c9\u03bd\u03af\u03b1\u03c2, \u03ce\u03c3\u03c4\u03b5 \u03bd\u03b1 \u03c4\u03b7 \u03b2\u03b5\u03bb\u03c4\u03b9\u03ce\u03c3\u03b5\u03b9 \u03ba\u03b1\u03b9 \u03bd\u03b1 \u03c4\u03b7\u03bd \u03ba\u03b1\u03c4\u03b1\u03c3\u03c4\u03ae\u03c3\u03b5\u03b9 \u03c0\u03b9\u03bf \u03b1\u03c0\u03bf\u03c4\u03b5\u03bb\u03b5\u03c3\u03bc\u03b1\u03c4\u03b9\u03ba\u03ae.<\/p>\n\n\n\n<p><a href=\"http:\/\/asse.rotind.ro\/\" target=\"_blank\" rel=\"noreferrer noopener\">asse.rotind.ro<\/a><\/p>\n<\/div><\/div>\n\n\n\n<div class=\"wp-block-media-text alignwide is-stacked-on-mobile\" style=\"grid-template-columns:32% auto\"><figure class=\"wp-block-media-text__media\"><img loading=\"lazy\" decoding=\"async\" width=\"300\" height=\"240\" src=\"https:\/\/interstem.eu\/wp-content\/uploads\/2021\/02\/1epal_peram_W-300x240-1.png\" alt=\"\" class=\"wp-image-369 size-full\"\/><\/figure><div class=\"wp-block-media-text__content\">\n<h3 class=\"wp-block-heading\">1o Epaggelmatiko Lykeio Peramatos, \u0395\u03bb\u03bb\u03ac\u03b4\u03b1<\/h3>\n\n\n\n<p class=\"has-text-align-justify\">\u03a4\u03bf 1<sup>\u03bf&nbsp;<\/sup>\u0395\u03a0\u0391\u039b \u03a0\u03b5\u03c1\u03ac\u03bc\u03b1\u03c4\u03bf\u03c2 (1o Epaggelmatiko Lykeio Peramatos) \u03b5\u03af\u03bd\u03b1\u03b9 \u03ad\u03bd\u03b1 \u0395\u03c0\u03b1\u03b3\u03b3\u03b5\u03bb\u03bc\u03b1\u03c4\u03b9\u03ba\u03cc \u039b\u03cd\u03ba\u03b5\u03b9\u03bf \u03c4\u03bf \u03bf\u03c0\u03bf\u03af\u03bf \u03c0\u03c1\u03bf\u03c3\u03c6\u03ad\u03c1\u03b5\u03b9 \u03b3\u03b5\u03bd\u03b9\u03ba\u03ae \u03ba\u03b1\u03b9 \u03b5\u03c0\u03b1\u03b3\u03b3\u03b5\u03bb\u03bc\u03b1\u03c4\u03b9\u03ba\u03ae \u03b5\u03ba\u03c0\u03b1\u03af\u03b4\u03b5\u03c5\u03c3\u03b7. \u038c\u03bb\u03bf\u03b9 \u03bf\u03b9 \u03c4\u03bf\u03bc\u03b5\u03af\u03c2 \u03b5\u03c6\u03b1\u03c1\u03bc\u03cc\u03b6\u03bf\u03c5\u03bd \u03ad\u03bd\u03b1\u03bd \u03c3\u03c5\u03bd\u03b4\u03c5\u03b1\u03c3\u03bc\u03cc \u03b4\u03b1\u03c3\u03ba\u03b1\u03bb\u03bf\u03ba\u03b5\u03bd\u03c4\u03c1\u03b9\u03ba\u03ce\u03bd \u03ba\u03b1\u03b9 \u03bc\u03b1\u03b8\u03b7\u03c4\u03bf\u03ba\u03b5\u03bd\u03c4\u03c1\u03b9\u03ba\u03ce\u03bd \u03b4\u03b9\u03b4\u03b1\u03ba\u03c4\u03b9\u03ba\u03ce\u03bd \u03bc\u03b5\u03b8\u03cc\u03b4\u03c9\u03bd, \u03ce\u03c3\u03c4\u03b5 \u03bd\u03b1 \u03c0\u03c1\u03bf\u03b5\u03c4\u03bf\u03b9\u03bc\u03ac\u03c3\u03bf\u03c5\u03bd \u03b5\u03c0\u03b9\u03c4\u03c5\u03c7\u03ce\u03c2 \u03c4\u03bf\u03c5\u03c2 \u03bc\u03b1\u03b8\u03b7\u03c4\u03ad\u03c2 \u03b3\u03b9\u03b1 \u03c4\u03b9\u03c2 \u03b5\u03be\u03b5\u03c4\u03ac\u03c3\u03b5\u03b9\u03c2 \u03b5\u03b8\u03bd\u03b9\u03ba\u03bf\u03cd \u03b5\u03c0\u03b9\u03c0\u03ad\u03b4\u03bf\u03c5 \u03ba\u03b1\u03b9 \u03c4\u03b7\u03bd \u03b1\u03b3\u03bf\u03c1\u03ac \u03b5\u03c1\u03b3\u03b1\u03c3\u03af\u03b1\u03c2.<br><a rel=\"noreferrer noopener\" href=\"http:\/\/1epal-peram.att.sch.gr\/\" target=\"_blank\">1epal-peram.att.sch.gr<\/a> <\/p>\n<\/div><\/div>\n\n\n\n<div class=\"wp-block-media-text alignwide is-stacked-on-mobile\" style=\"grid-template-columns:32% auto\"><figure class=\"wp-block-media-text__media\"><img loading=\"lazy\" decoding=\"async\" width=\"249\" height=\"61\" src=\"https:\/\/interstem.eu\/wp-content\/uploads\/2021\/02\/logo_CB.png\" alt=\"\" class=\"wp-image-374 size-full\"\/><\/figure><div class=\"wp-block-media-text__content\">\n<h3 class=\"wp-block-heading\">Cookie Box, Spain<\/h3>\n\n\n\n<p class=\"has-text-align-justify\">Cookie Box \u03c0\u03c1\u03bf\u03c3\u03c6\u03ad\u03c1\u03b5\u03b9 \u03c4\u03b1 \u03c4\u03b5\u03bb\u03b5\u03c5\u03c4\u03b1\u03af\u03b1 \u03c7\u03c1\u03cc\u03bd\u03b9\u03b1 \u03bb\u03cd\u03c3\u03b5\u03b9\u03c2 \u03c3\u03c7\u03b5\u03c4\u03b9\u03ba\u03ad\u03c2 \u03bc\u03b5 \u03c4\u03b7\u03bd \u03c0\u03b1\u03b9\u03c7\u03bd\u03b9\u03b4\u03bf\u03c0\u03bf\u03af\u03b7\u03c3\u03b7 (gamification) \u03ba\u03b1\u03b9 \u03c4\u03b7\u03bd \u03b1\u03c6\u03ae\u03b3\u03b7\u03c3\u03b7 \u03bc\u03b9\u03b1\u03c2 \u03b9\u03c3\u03c4\u03bf\u03c1\u03af\u03b1\u03c2 \u03bc\u03b5 \u03c4\u03b7 \u03c7\u03c1\u03ae\u03c3\u03b7 \u03c0\u03bf\u03b9\u03ba\u03af\u03bb\u03c9\u03bd \u03bc\u03ad\u03c3\u03c9\u03bd \u03b5\u03c0\u03b9\u03ba\u03bf\u03b9\u03bd\u03c9\u03bd\u03af\u03b1\u03c2 (transmedia storytelling). \u0397 \u03b5\u03c4\u03b1\u03b9\u03c1\u03b5\u03af\u03b1 \u03c7\u03c1\u03b7\u03c3\u03b9\u03bc\u03bf\u03c0\u03bf\u03b9\u03b5\u03af \u03b4\u03b9\u03ac\u03c6\u03bf\u03c1\u03b5\u03c2 \u03c0\u03bb\u03b1\u03c4\u03c6\u03cc\u03c1\u03bc\u03b5\u03c2 transmedia \u03b1\u03bd\u03ac\u03bb\u03bf\u03b3\u03b1 \u03bc\u03b5 \u03c4\u03bf \u03b8\u03ad\u03bc\u03b1, \u03c0.\u03c7. \u03c4\u03b1\u03b9\u03bd\u03af\u03b5\u03c2 \u03bc\u03b9\u03ba\u03c1\u03bf\u03cd \u03bc\u03ae\u03ba\u03bf\u03c5\u03c2 \u03c3\u03cd\u03bc\u03c6\u03c9\u03bd\u03b1 \u03bc\u03b5 \u03c4\u03bf \u03bc\u03bf\u03bd\u03c4\u03ad\u03bb\u03bf Dramanagement, \u03ba\u03b1\u03b8\u03ce\u03c2 \u03ba\u03b1\u03b9 \u03ac\u03bb\u03bb\u03b1 \u03bc\u03ad\u03c3\u03b1, \u03cc\u03c0\u03c9\u03c2 \u03ba\u03cc\u03bc\u03b9\u03ba, \u03ba\u03b9\u03bd\u03bf\u03cd\u03bc\u03b5\u03bd\u03b1 \u03c3\u03c7\u03ad\u03b4\u03b9\u03b1, \u03c3\u03cd\u03bd\u03c4\u03bf\u03bc\u03b1 \u03b4\u03b9\u03b1\u03c6\u03b7\u03bc\u03b9\u03c3\u03c4\u03b9\u03ba\u03ac \u03c4\u03c1\u03ad\u03b9\u03bb\u03b5\u03c1 (teasers) , workshops, \u03b5\u03c0\u03b9\u03c4\u03c1\u03b1\u03c0\u03ad\u03b6\u03b9\u03b1 \u03c0\u03b1\u03b9\u03c7\u03bd\u03af\u03b4\u03b9\u03b1, Gamified apps \u03ba\u03b1\u03b9 \u03c0\u03bb\u03b1\u03c4\u03c6\u03cc\u03c1\u03bc\u03b5\u03c2, \u03c3\u03cd\u03bd\u03c4\u03bf\u03bc\u03b1 \u03c0\u03b1\u03b9\u03c7\u03bd\u03af\u03b4\u03b9\u03b1 (mini games), &nbsp;\u03c0\u03b1\u03b9\u03c7\u03bd\u03af\u03b4\u03b9\u03b1 \u03b5\u03bd\u03b1\u03bb\u03bb\u03b1\u03ba\u03c4\u03b9\u03ba\u03ae\u03c2 \u03c0\u03c1\u03b1\u03b3\u03bc\u03b1\u03c4\u03b9\u03ba\u03cc\u03c4\u03b7\u03c4\u03b1\u03c2 (Alternative Reality Games).<\/p>\n\n\n\n<p><a href=\"http:\/\/cookiebox.es\/\" target=\"_blank\" rel=\"noreferrer noopener\">cookiebox.es<\/a><\/p>\n<\/div><\/div>\n","protected":false},"excerpt":{"rendered":"<p>Boreal Innovation \u2013 Coop\u00e9rative pour le D\u00e9veloppement de la Cr\u00e9ativit\u00e9 et de l\u2019Innovation, France \u0397 Bor\u00e9al Innovation \u03b5\u03af\u03bd\u03b1\u03b9 \u03ad\u03bd\u03b1\u03c2 \u03bf\u03c1\u03b3\u03b1\u03bd\u03b9\u03c3\u03bc\u03cc\u03c2 \u03c0\u03bf\u03c5 \u03c0\u03c1\u03bf\u03c3\u03c6\u03ad\u03c1\u03b5\u03b9 \u03b5\u03be\u03b1\u03c4\u03bf\u03bc\u03b9\u03ba\u03b5\u03c5\u03bc\u03ad\u03bd\u03b7 \u03c5\u03c0\u03bf\u03c3\u03c4\u03ae\u03c1\u03b9\u03be\u03b7, \u03ba\u03b1\u03c4\u03ac\u03c1\u03c4\u03b9\u03c3\u03b7 \u03ba\u03b1\u03b9 workshop \u03bc\u03b5 \u03c3\u03ba\u03bf\u03c0\u03cc \u03c4\u03b7 \u03bc\u03b5\u03c4\u03b1\u03c6\u03bf\u03c1\u03ac \u03ba\u03b1\u03b9 \u03b1\u03bd\u03c4\u03b1\u03bb\u03bb\u03b1\u03b3\u03ae \u03b5\u03bc\u03c0\u03b5\u03b9\u03c1\u03b9\u03ce\u03bd \u03b1\u03bd\u03ac\u03bc\u03b5\u03c3\u03b1 \u03c3\u03c4\u03b7\u03bd \u03b5\u03ba\u03c0\u03b1\u03af\u03b4\u03b5\u03c5\u03c3\u03b7 \u03ba\u03b1\u03b9 \u03c4\u03b7\u03bd \u03ba\u03bf\u03b9\u03bd\u03c9\u03bd\u03af\u03b1. \u0388\u03c7\u03b5\u03b9 \u03b2\u03c1\u03b1\u03b2\u03b5\u03c5\u03b8\u03b5\u03af \u03bc\u03b5 \u201cFrench Tech\u201d, \u03bc\u03af\u03b1 \u03b5\u03c4\u03b9\u03ba\u03ad\u03c4\u03b1 \u03c0\u03bf\u03c5 \u03b4\u03af\u03bd\u03b5\u03c4\u03b1\u03b9 \u03c3\u03b5 \u03b3\u03b1\u03bb\u03bb\u03b9\u03ba\u03ad\u03c2 \u03ba\u03b1\u03b9\u03bd\u03bf\u03c4\u03cc\u03bc\u03b5\u03c2 \u03b5\u03c4\u03b1\u03b9\u03c1\u03b5\u03af\u03b5\u03c2, \u03c9\u03c2 \u03b1\u03bd\u03b1\u03b3\u03bd\u03ce\u03c1\u03b9\u03c3\u03b7 &hellip; <a href=\"https:\/\/interstem.eu\/index.php\/el\/etairoi-tou-ergou\/\" class=\"more-link\">Continue reading <span class=\"screen-reader-text\">\u0395\u03c4\u03b1\u03af\u03c1\u03bf\u03b9 \u03c4\u03bf\u03c5 \u03ad\u03c1\u03b3\u03bf\u03c5<\/span><\/a><\/p>\n","protected":false},"author":1,"featured_media":0,"parent":0,"menu_order":0,"comment_status":"closed","ping_status":"closed","template":"","meta":{"footnotes":""},"class_list":["post-119","page","type-page","status-publish","hentry"],"_links":{"self":[{"href":"https:\/\/interstem.eu\/index.php\/wp-json\/wp\/v2\/pages\/119","targetHints":{"allow":["GET"]}}],"collection":[{"href":"https:\/\/interstem.eu\/index.php\/wp-json\/wp\/v2\/pages"}],"about":[{"href":"https:\/\/interstem.eu\/index.php\/wp-json\/wp\/v2\/types\/page"}],"author":[{"embeddable":true,"href":"https:\/\/interstem.eu\/index.php\/wp-json\/wp\/v2\/users\/1"}],"replies":[{"embeddable":true,"href":"https:\/\/interstem.eu\/index.php\/wp-json\/wp\/v2\/comments?post=119"}],"version-history":[{"count":2,"href":"https:\/\/interstem.eu\/index.php\/wp-json\/wp\/v2\/pages\/119\/revisions"}],"predecessor-version":[{"id":770,"href":"https:\/\/interstem.eu\/index.php\/wp-json\/wp\/v2\/pages\/119\/revisions\/770"}],"wp:attachment":[{"href":"https:\/\/interstem.eu\/index.php\/wp-json\/wp\/v2\/media?parent=119"}],"curies":[{"name":"wp","href":"https:\/\/api.w.org\/{rel}","templated":true}]}}