{"id":116,"date":"2021-01-30T21:20:23","date_gmt":"2021-01-30T19:20:23","guid":{"rendered":"https:\/\/interstem.education\/?page_id=116"},"modified":"2021-04-20T16:21:45","modified_gmt":"2021-04-20T16:21:45","slug":"partners-del-proyecto","status":"publish","type":"page","link":"https:\/\/interstem.eu\/index.php\/es\/partners-del-proyecto\/","title":{"rendered":"Partners del proyecto"},"content":{"rendered":"\n<div class=\"wp-block-media-text alignwide is-stacked-on-mobile\" style=\"grid-template-columns:28% auto\"><figure class=\"wp-block-media-text__media\"><img loading=\"lazy\" decoding=\"async\" width=\"300\" height=\"144\" src=\"https:\/\/interstem.eu\/wp-content\/uploads\/2021\/01\/boreal-300x144-4.jpg\" alt=\"\" class=\"wp-image-314 size-full\"\/><\/figure><div class=\"wp-block-media-text__content\">\n<h3 class=\"wp-block-heading\">Boreal Innovation \u2013 Coop\u00e9rative pour le D\u00e9veloppement de la Cr\u00e9ativit\u00e9 et de l\u2019Innovation, France<\/h3>\n\n\n\n<p>Boreal Innovation es una cooperativa que ofrece apoyo personalizado, formaci\u00f3n y talleres de trabajo digitales, dentro de un entorno adecuado para la transferencia y el intercambio de experiencias entre la educaci\u00f3n y la comunidad. Ha recibido la acreditaci\u00f3n French Tech como reconocimiento a su ecosistema de startups, as\u00ed como una marca com\u00fan que puede ser utilizada por empresas francesas innovadoras.  <\/p>\n\n\n\n<p><a rel=\"noreferrer noopener\" href=\"http:\/\/boreal-innovation.com\/\" target=\"_blank\">boreal-innovation.com<\/a><\/p>\n<\/div><\/div>\n\n\n\n<div class=\"wp-block-media-text alignwide is-stacked-on-mobile\" style=\"grid-template-columns:27% auto\"><figure class=\"wp-block-media-text__media\"><img loading=\"lazy\" decoding=\"async\" width=\"200\" height=\"195\" src=\"https:\/\/interstem.eu\/wp-content\/uploads\/2021\/01\/QMED-Logo-small-3.png\" alt=\"\" class=\"wp-image-316 size-full\"\/><\/figure><div class=\"wp-block-media-text__content\">\n<h3 class=\"wp-block-heading\">Quarter Mediation, Netherlands<\/h3>\n\n\n\n<p>Quarter Mediation es un proveedor de formaci\u00f3n para adultos en el \u00e1mbito europeo que organiza cursos de formaci\u00f3n para adultos a nivel europeo y proyectos europeos, bajo los programas y proyectos de la Comisi\u00f3n Europea disponibles, centrados en la educaci\u00f3n y la cultura. Quarter Mediation tiene como principales objetivos el promover el aprendizaje durante toda la vida y crear un enlace entre el sistema educativo de diferentes pa\u00edses, tanto en materia de educaci\u00f3n general como vocacional y el mercado laboral.<br><a rel=\"noreferrer noopener\" href=\"http:\/\/www.quartermediation.eu\/\" target=\"_blank\">www.quartermediation.eu<\/a> <\/p>\n<\/div><\/div>\n\n\n\n<div class=\"wp-block-media-text alignwide is-stacked-on-mobile\" style=\"grid-template-columns:27% auto\"><figure class=\"wp-block-media-text__media\"><img loading=\"lazy\" decoding=\"async\" width=\"146\" height=\"80\" src=\"https:\/\/interstem.eu\/wp-content\/uploads\/2021\/01\/Logo-ASSE-4.png\" alt=\"\" class=\"wp-image-318 size-full\"\/><\/figure><div class=\"wp-block-media-text__content\">\n<h3 class=\"wp-block-heading\">Asociatia de Studii Socio-Economice, Romania<\/h3>\n\n\n\n<p>Asociatia de Studii Socio-Economice es una ONG que se dedica a actividades relacionadas con la educaci\u00f3n, as\u00ed como a temas sociales y econ\u00f3micos. Su principal objetivo es formar a j\u00f3venes y adultos, as\u00ed como estudiar la situaci\u00f3n socioecon\u00f3mica de la sociedad, con el fin de mejorarla y hacerla m\u00e1s efectiva.<br><a href=\"http:\/\/asse.rotind.ro\/\" target=\"_blank\" rel=\"noreferrer noopener\">asse.rotind.ro<\/a><\/p>\n<\/div><\/div>\n\n\n\n<div class=\"wp-block-media-text alignwide is-stacked-on-mobile\" style=\"grid-template-columns:28% auto\"><figure class=\"wp-block-media-text__media\"><img loading=\"lazy\" decoding=\"async\" width=\"300\" height=\"240\" src=\"https:\/\/interstem.eu\/wp-content\/uploads\/2021\/01\/1epal_peram_W-300x240-5.png\" alt=\"\" class=\"wp-image-319 size-full\"\/><\/figure><div class=\"wp-block-media-text__content\">\n<h3 class=\"wp-block-heading\">1o Epaggelmatiko Lykeio Peramatos, Greece<\/h3>\n\n\n\n<p>1o Epaggelmatiko Lykeio Peramatos es un instituto de educaci\u00f3n secundaria vocacional, que ofrece formaci\u00f3n general y t\u00e9cnica. Todos los departamentos aplican una mezcla de m\u00e9todos de aprendizaje centrados en el profesorado y en los estudiantes con el fin de preparar a los alumnos para los ex\u00e1menes nacionales y el mercado laboral.<br><a href=\"http:\/\/1epal-peram.att.sch.gr\/\" target=\"_blank\" rel=\"noreferrer noopener\">1epal-peram.att.sch.gr<\/a><\/p>\n<\/div><\/div>\n\n\n\n<div class=\"wp-block-media-text alignwide is-stacked-on-mobile\" style=\"grid-template-columns:27% auto\"><figure class=\"wp-block-media-text__media\"><img loading=\"lazy\" decoding=\"async\" width=\"249\" height=\"61\" src=\"https:\/\/interstem.eu\/wp-content\/uploads\/2021\/01\/logo_CB-4.png\" alt=\"\" class=\"wp-image-321 size-full\"\/><\/figure><div class=\"wp-block-media-text__content\">\n<h3 class=\"wp-block-heading\">Cookie Box, Spain<\/h3>\n\n\n\n<p>Cookie &nbsp;Box, consultor\u00eda experta en Gamificaci\u00f3n y Narrativa Transmedia, naci\u00f3&nbsp;hace 10 a\u00f1os para dar respuesta a un formato de experiencias formativas que se mostraba insatisfactorio en cuanto a retenci\u00f3n, memorabilidad y transferencia de los contenidos en la actividad desarrollada por las personas en las grandes organizaciones.&nbsp;En oposici\u00f3n a enfoques tradicionales, Cookie Box desarrolla proyectos de (trans)formaci\u00f3n para toda \u00e1rea de aplicaci\u00f3n en los que las sesiones presenciales, en l\u00ednea o h\u00edbridas cobran un nuevo sentido gracias a la incorporaci\u00f3n de historias multiplataforma que las envuelven (Transmedia Storytelling) y las din\u00e1micas de juego (Gamificaci\u00f3n) que permiten influir, movilizar las audiencias y generar el cambio que se requiere. Y es que para que los colaboradores, los clientes, los estudiantes, los pacientes \u2026 activen los comportamientos adecuados, aprendan y se impliquen de manera continua y sostenible, tiene que dise\u00f1arse una experiencia memorable y placentera.<\/p>\n\n\n\n<p><a href=\"http:\/\/cookiebox.es\/\" target=\"_blank\" rel=\"noreferrer noopener\">cookiebox.es<\/a><\/p>\n<\/div><\/div>\n","protected":false},"excerpt":{"rendered":"<p>Boreal Innovation \u2013 Coop\u00e9rative pour le D\u00e9veloppement de la Cr\u00e9ativit\u00e9 et de l\u2019Innovation, France Boreal Innovation es una cooperativa que ofrece apoyo personalizado, formaci\u00f3n y talleres de trabajo digitales, dentro de un entorno adecuado para la transferencia y el intercambio de experiencias entre la educaci\u00f3n y la comunidad. Ha recibido la acreditaci\u00f3n French Tech como &hellip; <a href=\"https:\/\/interstem.eu\/index.php\/es\/partners-del-proyecto\/\" class=\"more-link\">Continue reading <span class=\"screen-reader-text\">Partners del proyecto<\/span><\/a><\/p>\n","protected":false},"author":1,"featured_media":0,"parent":0,"menu_order":0,"comment_status":"closed","ping_status":"closed","template":"","meta":{"footnotes":""},"class_list":["post-116","page","type-page","status-publish","hentry"],"_links":{"self":[{"href":"https:\/\/interstem.eu\/index.php\/wp-json\/wp\/v2\/pages\/116","targetHints":{"allow":["GET"]}}],"collection":[{"href":"https:\/\/interstem.eu\/index.php\/wp-json\/wp\/v2\/pages"}],"about":[{"href":"https:\/\/interstem.eu\/index.php\/wp-json\/wp\/v2\/types\/page"}],"author":[{"embeddable":true,"href":"https:\/\/interstem.eu\/index.php\/wp-json\/wp\/v2\/users\/1"}],"replies":[{"embeddable":true,"href":"https:\/\/interstem.eu\/index.php\/wp-json\/wp\/v2\/comments?post=116"}],"version-history":[{"count":1,"href":"https:\/\/interstem.eu\/index.php\/wp-json\/wp\/v2\/pages\/116\/revisions"}],"predecessor-version":[{"id":655,"href":"https:\/\/interstem.eu\/index.php\/wp-json\/wp\/v2\/pages\/116\/revisions\/655"}],"wp:attachment":[{"href":"https:\/\/interstem.eu\/index.php\/wp-json\/wp\/v2\/media?parent=116"}],"curies":[{"name":"wp","href":"https:\/\/api.w.org\/{rel}","templated":true}]}}