{"id":114,"date":"2021-01-30T21:15:23","date_gmt":"2021-01-30T19:15:23","guid":{"rendered":"https:\/\/interstem.education\/?page_id=114"},"modified":"2022-09-16T08:43:51","modified_gmt":"2022-09-16T08:43:51","slug":"resultados","status":"publish","type":"page","link":"https:\/\/interstem.eu\/index.php\/es\/resultados\/","title":{"rendered":"Resultados"},"content":{"rendered":"\n<div class=\"wp-block-media-text alignwide has-media-on-the-right is-stacked-on-mobile\" style=\"grid-template-columns:auto 18%\"><figure class=\"wp-block-media-text__media\"><a href=\"https:\/\/drive.google.com\/file\/d\/1qpz1x9ZqkFcJicjdWyFrgXzC4CFfXa0C\/view?usp=sharing\"><img loading=\"lazy\" decoding=\"async\" width=\"193\" height=\"249\" src=\"https:\/\/interstem.eu\/wp-content\/uploads\/2021\/05\/IO1-InterSTEM_ES.png\" alt=\"\" class=\"wp-image-794 size-full\"\/><\/a><\/figure><div class=\"wp-block-media-text__content\">\n<p class=\"has-medium-font-size\"><a href=\"https:\/\/drive.google.com\/file\/d\/1qpz1x9ZqkFcJicjdWyFrgXzC4CFfXa0C\/view?usp=sharing\" target=\"_blank\" rel=\"noreferrer noopener\">1. Inventario europeo de metodolog\u00edas docentes basadas en t\u00e9cnicas de narrativa y gamificaci\u00f3n, m\u00e9todos interdisciplinares de ense\u00f1anza y herramientas basadas en la Ciencia, Tecnolog\u00eda, Ingenier\u00eda y Matem\u00e1ticas (STEM) empleadas en educaci\u00f3n obligatoria<\/a><\/p>\n<\/div><\/div>\n\n\n\n<div class=\"wp-block-media-text alignwide has-media-on-the-right is-stacked-on-mobile\" style=\"grid-template-columns:auto 18%\"><figure class=\"wp-block-media-text__media\"><a class=\"https:\/\/drive.google.com\/file\/d\/1podJGwd0XduM-_VHqjCCkdhbKlEKlmk8\/view?usp=sharing\" href=\"https:\/\/drive.google.com\/file\/d\/1podJGwd0XduM-_VHqjCCkdhbKlEKlmk8\/view?usp=sharing\" target=\"_blank\" rel=\"https:\/\/drive.google.com\/file\/d\/1podJGwd0XduM-_VHqjCCkdhbKlEKlmk8\/view?usp=sharing noopener\"><img loading=\"lazy\" decoding=\"async\" width=\"327\" height=\"358\" src=\"https:\/\/interstem.eu\/wp-content\/uploads\/2021\/09\/IO2_ES.png\" alt=\"\" class=\"wp-image-864 size-full\" srcset=\"https:\/\/interstem.eu\/wp-content\/uploads\/2021\/09\/IO2_ES.png 327w, https:\/\/interstem.eu\/wp-content\/uploads\/2021\/09\/IO2_ES-274x300.png 274w\" sizes=\"auto, (max-width: 327px) 100vw, 327px\" \/><\/a><\/figure><div class=\"wp-block-media-text__content\">\n<p class=\"has-medium-font-size\"> <a href=\"https:\/\/drive.google.com\/file\/d\/1podJGwd0XduM-_VHqjCCkdhbKlEKlmk8\/view?usp=sharing\">2. Esquema metodol\u00f3gico para el proceso de ense\u00f1anza de materias no STEM en educaci\u00f3n obligatoria mediante t\u00e9cnicas basadas en la narrativa y gamificaci\u00f3n para facilitar el aprendizaje inmersivo y experiencial basado en STEM <\/a><\/p>\n<\/div><\/div>\n\n\n\n<div class=\"wp-block-media-text alignwide has-media-on-the-right is-stacked-on-mobile\" style=\"grid-template-columns:auto 19%\"><figure class=\"wp-block-media-text__media\"><img loading=\"lazy\" decoding=\"async\" width=\"612\" height=\"266\" src=\"https:\/\/interstem.eu\/wp-content\/uploads\/2022\/07\/educational-game-4.jpg\" alt=\"\" class=\"wp-image-1198 size-full\" srcset=\"https:\/\/interstem.eu\/wp-content\/uploads\/2022\/07\/educational-game-4.jpg 612w, https:\/\/interstem.eu\/wp-content\/uploads\/2022\/07\/educational-game-4-300x130.jpg 300w\" sizes=\"auto, (max-width: 612px) 100vw, 612px\" \/><\/figure><div class=\"wp-block-media-text__content\">\n<p><a href=\"https:\/\/interstem.eu\/index.php\/es\/interstem-juego-serio-senso-y-yo\/\" target=\"_blank\" rel=\"noreferrer noopener\">3. Juego &#8220;serio&#8221; InterSTEM que emplea las disciplinas STEM para la docencia de materias no STEM en educaci\u00f3n obligatoria<\/a><\/p>\n<\/div><\/div>\n\n\n\n<div class=\"wp-block-media-text alignwide has-media-on-the-right is-stacked-on-mobile\" style=\"grid-template-columns:auto 19%\"><figure class=\"wp-block-media-text__media\"><a href=\"https:\/\/drive.google.com\/file\/d\/19R-nOATlsr2e2FCwPIyjWuIS7MQNMJL3\/view?usp=sharing\"><img loading=\"lazy\" decoding=\"async\" width=\"603\" height=\"851\" src=\"https:\/\/interstem.eu\/wp-content\/uploads\/2022\/08\/IO4-ES.png\" alt=\"\" class=\"wp-image-1226 size-full\" srcset=\"https:\/\/interstem.eu\/wp-content\/uploads\/2022\/08\/IO4-ES.png 603w, https:\/\/interstem.eu\/wp-content\/uploads\/2022\/08\/IO4-ES-213x300.png 213w\" sizes=\"auto, (max-width: 603px) 100vw, 603px\" \/><\/a><\/figure><div class=\"wp-block-media-text__content\">\n<p><a href=\"https:\/\/drive.google.com\/file\/d\/19R-nOATlsr2e2FCwPIyjWuIS7MQNMJL3\/view?usp=sharing\" data-type=\"URL\" data-id=\"https:\/\/drive.google.com\/file\/d\/19R-nOATlsr2e2FCwPIyjWuIS7MQNMJL3\/view?usp=sharing\" target=\"_blank\" rel=\"noreferrer noopener\">4. Tutorial sobre como usar y adaptar el juego &#8220;serio&#8221; InterSTEM para los diferentes grupos de edad de los estudiantes implicados en la educaci\u00f3n obligatoria<\/a><\/p>\n<\/div><\/div>\n\n\n\n<div class=\"wp-block-media-text alignwide has-media-on-the-right is-stacked-on-mobile\" style=\"grid-template-columns:auto 19%\"><figure class=\"wp-block-media-text__media\"><a href=\"https:\/\/drive.google.com\/file\/d\/1pkAy8ORq9RuxTRUtHpKJbsCl2frBP1BE\/view?usp=sharing\"><img loading=\"lazy\" decoding=\"async\" width=\"602\" height=\"850\" src=\"https:\/\/interstem.eu\/wp-content\/uploads\/2022\/08\/IO5-ES.png\" alt=\"\" class=\"wp-image-1232 size-full\" srcset=\"https:\/\/interstem.eu\/wp-content\/uploads\/2022\/08\/IO5-ES.png 602w, https:\/\/interstem.eu\/wp-content\/uploads\/2022\/08\/IO5-ES-212x300.png 212w\" sizes=\"auto, (max-width: 602px) 100vw, 602px\" \/><\/a><\/figure><div class=\"wp-block-media-text__content\">\n<p><a href=\"https:\/\/drive.google.com\/file\/d\/1pkAy8ORq9RuxTRUtHpKJbsCl2frBP1BE\/view?usp=sharing\" data-type=\"URL\" data-id=\"https:\/\/drive.google.com\/file\/d\/1pkAy8ORq9RuxTRUtHpKJbsCl2frBP1BE\/view?usp=sharing\" target=\"_blank\" rel=\"noreferrer noopener\">5. Gu\u00eda y recomendaciones para adaptar el juego &#8220;serio&#8221; e interdisciplinar InterSTEM a las diferentes audiencias de estudiantes y personal docente implicados en la educaci\u00f3n obligatoria y a distinto nivel<\/a><\/p>\n<\/div><\/div>\n\n\n\n<p><\/p>\n","protected":false},"excerpt":{"rendered":"<p>1. Inventario europeo de metodolog\u00edas docentes basadas en t\u00e9cnicas de narrativa y gamificaci\u00f3n, m\u00e9todos interdisciplinares de ense\u00f1anza y herramientas basadas en la Ciencia, Tecnolog\u00eda, Ingenier\u00eda y Matem\u00e1ticas (STEM) empleadas en educaci\u00f3n obligatoria 2. Esquema metodol\u00f3gico para el proceso de ense\u00f1anza de materias no STEM en educaci\u00f3n obligatoria mediante t\u00e9cnicas basadas en la narrativa y gamificaci\u00f3n &hellip; <a href=\"https:\/\/interstem.eu\/index.php\/es\/resultados\/\" class=\"more-link\">Continue reading <span class=\"screen-reader-text\">Resultados<\/span><\/a><\/p>\n","protected":false},"author":1,"featured_media":0,"parent":0,"menu_order":0,"comment_status":"closed","ping_status":"closed","template":"","meta":{"footnotes":""},"class_list":["post-114","page","type-page","status-publish","hentry"],"_links":{"self":[{"href":"https:\/\/interstem.eu\/index.php\/wp-json\/wp\/v2\/pages\/114","targetHints":{"allow":["GET"]}}],"collection":[{"href":"https:\/\/interstem.eu\/index.php\/wp-json\/wp\/v2\/pages"}],"about":[{"href":"https:\/\/interstem.eu\/index.php\/wp-json\/wp\/v2\/types\/page"}],"author":[{"embeddable":true,"href":"https:\/\/interstem.eu\/index.php\/wp-json\/wp\/v2\/users\/1"}],"replies":[{"embeddable":true,"href":"https:\/\/interstem.eu\/index.php\/wp-json\/wp\/v2\/comments?post=114"}],"version-history":[{"count":22,"href":"https:\/\/interstem.eu\/index.php\/wp-json\/wp\/v2\/pages\/114\/revisions"}],"predecessor-version":[{"id":1551,"href":"https:\/\/interstem.eu\/index.php\/wp-json\/wp\/v2\/pages\/114\/revisions\/1551"}],"wp:attachment":[{"href":"https:\/\/interstem.eu\/index.php\/wp-json\/wp\/v2\/media?parent=114"}],"curies":[{"name":"wp","href":"https:\/\/api.w.org\/{rel}","templated":true}]}}