{"id":112,"date":"2021-01-30T21:10:13","date_gmt":"2021-01-30T19:10:13","guid":{"rendered":"https:\/\/interstem.education\/?page_id=112"},"modified":"2021-04-20T16:21:14","modified_gmt":"2021-04-20T16:21:14","slug":"proyecto","status":"publish","type":"page","link":"https:\/\/interstem.eu\/index.php\/es\/proyecto\/","title":{"rendered":"Proyecto"},"content":{"rendered":"\n<p class=\"has-text-align-justify\"><p class=\"has-text-align-justify has-custom-font\" style=\"font-family:Roboto\">El enfoque principal del proyecto InterSTEM es el uso de tecnolog\u00edas digitales, m\u00e9todos de ense\u00f1anza interdisciplinarios, gamificaci\u00f3n y STEM (Ciencia, Tecnolog\u00eda, Ingenier\u00eda y Matem\u00e1ticas) para la ense\u00f1anza de materias no STEM, como Historia, Idiomas extranjeros o Econom\u00eda, en la educaci\u00f3n obligatoria.<\/p><\/p>\n\n\n\n<p><p class=\"has-custom-font\" style=\"font-family:Roboto\"><span style=\"color:#00a375\" class=\"has-inline-color\">Objetivos:<\/span><\/p><\/p>\n\n\n\n<ul class=\"has-custom-font wp-block-list\" style=\"font-family:Roboto\"><li>desarrollar estrategias did\u00e1cticas innovadoras y recursos creativos para la ense\u00f1anza y el aprendizaje de materias no STEM de una forma motivadora en la educaci\u00f3n obligatoria;<\/li><li>sensibilizar a los docentes sobre las ventajas que tiene emplear m\u00e9todos de ense\u00f1anza interdisciplinarios combinados en conjunci\u00f3n con la narrativa y la aproximaci\u00f3n STEM en la ense\u00f1anza de materias no STEM para la educaci\u00f3n obligatoria;<\/li><li>capacitar a los docentes no STEM con las competencias \u201cblandas\u201d necesarias para motivar el aprendizaje autorregulado, la competencia digital y la autonom\u00eda en el aprendizaje de los estudiantes, de modo que \u00e9stos tengan una mayor motivaci\u00f3n por aprender y lleguen a liderar su propio proceso de aprendizaje para as\u00ed escoger la manera en la que acometer los objetivos educativos requeridos por el plan de estudios.<\/li><\/ul>\n\n\n\n<p><p class=\"has-custom-font\" style=\"font-family:Roboto\"><span style=\"color:#00a37e\" class=\"has-inline-color\">Audiencias espec\u00edficas:<\/span><\/p><\/p>\n\n\n\n<ul class=\"has-custom-font wp-block-list\" style=\"font-family:Roboto\"><li>docentes no STEM implicados en la educaci\u00f3n obligatoria;<\/li><li>docentes de cualquier materia as\u00ed como personal educativo;<\/li><li>estudiantes involucrados en la educaci\u00f3n obligatoria.<\/li><\/ul>\n","protected":false},"excerpt":{"rendered":"<p>El enfoque principal del proyecto InterSTEM es el uso de tecnolog\u00edas digitales, m\u00e9todos de ense\u00f1anza interdisciplinarios, gamificaci\u00f3n y STEM (Ciencia, Tecnolog\u00eda, Ingenier\u00eda y Matem\u00e1ticas) para la ense\u00f1anza de materias no STEM, como Historia, Idiomas extranjeros o Econom\u00eda, en la educaci\u00f3n obligatoria. Objetivos: desarrollar estrategias did\u00e1cticas innovadoras y recursos creativos para la ense\u00f1anza y el aprendizaje &hellip; <a href=\"https:\/\/interstem.eu\/index.php\/es\/proyecto\/\" class=\"more-link\">Continue reading <span class=\"screen-reader-text\">Proyecto<\/span><\/a><\/p>\n","protected":false},"author":1,"featured_media":0,"parent":0,"menu_order":0,"comment_status":"closed","ping_status":"closed","template":"","meta":{"footnotes":""},"class_list":["post-112","page","type-page","status-publish","hentry"],"_links":{"self":[{"href":"https:\/\/interstem.eu\/index.php\/wp-json\/wp\/v2\/pages\/112","targetHints":{"allow":["GET"]}}],"collection":[{"href":"https:\/\/interstem.eu\/index.php\/wp-json\/wp\/v2\/pages"}],"about":[{"href":"https:\/\/interstem.eu\/index.php\/wp-json\/wp\/v2\/types\/page"}],"author":[{"embeddable":true,"href":"https:\/\/interstem.eu\/index.php\/wp-json\/wp\/v2\/users\/1"}],"replies":[{"embeddable":true,"href":"https:\/\/interstem.eu\/index.php\/wp-json\/wp\/v2\/comments?post=112"}],"version-history":[{"count":2,"href":"https:\/\/interstem.eu\/index.php\/wp-json\/wp\/v2\/pages\/112\/revisions"}],"predecessor-version":[{"id":665,"href":"https:\/\/interstem.eu\/index.php\/wp-json\/wp\/v2\/pages\/112\/revisions\/665"}],"wp:attachment":[{"href":"https:\/\/interstem.eu\/index.php\/wp-json\/wp\/v2\/media?parent=112"}],"curies":[{"name":"wp","href":"https:\/\/api.w.org\/{rel}","templated":true}]}}