{"id":110,"date":"2021-01-30T21:01:37","date_gmt":"2021-01-30T19:01:37","guid":{"rendered":"https:\/\/interstem.education\/?page_id=110"},"modified":"2021-04-20T16:17:56","modified_gmt":"2021-04-20T16:17:56","slug":"projet","status":"publish","type":"page","link":"https:\/\/interstem.eu\/index.php\/fr\/projet\/","title":{"rendered":"Projet"},"content":{"rendered":"\n<p class=\"has-text-align-justify\"><p class=\"has-text-align-justify has-custom-font\" style=\"font-family:Roboto\">L\u2019objectif majeur du projet InterSTEM est l\u2019utilisation des technologies num\u00e9riques, de l\u2019enseignement interdisciplinaire, de la ludification et des sciences (STEM: Science, Technologie, Ing\u00e9nierie et Math\u00e9matiques) pour un enseignement des sciences sociales tels que l\u2019Histoire, les langues \u00e9trang\u00e8res ou l&#8217;\u00c9conomie. Le projet s\u2019\u00e9tant attach\u00e9 principalement \u00e0 apporter des solutions dans le secteur de l\u2019enseignement obligatoire.&nbsp;&nbsp;<\/p><\/p>\n\n\n\n<p><p class=\"has-custom-font\" style=\"font-family:Roboto\"><span style=\"color:#02a05e\" class=\"has-inline-color\">Objectifs:&nbsp;<\/span><\/p><\/p>\n\n\n\n<ul class=\"has-custom-font wp-block-list\" style=\"font-family:Roboto\"><li>d\u00e9veloppement de strat\u00e9gies didactiques et de ressources pour l\u2019enseignement et l\u2019apprentissage motivant de sujets de sciences sociales;<\/li><li>renforcement de la capacit\u00e9 des enseignants \u00e0 mobiliser des m\u00e9thodes d\u2019enseignements pluridisciplinaires, le storytelling et les sciences dures dans leur travail au quotidien<\/li><li>faire monter en comp\u00e9tences les enseignants des sciences sociales sur les sujets d\u2019apprentissage individuel, de comp\u00e9tence num\u00e9rique et d\u2019autonomie des \u00e9l\u00e8ves dans l\u2019apprentissage. L\u2019objectif est d\u2019assurer la motivation des \u00e9l\u00e8ves et de d\u00e9velopper leurs facult\u00e9s d\u2019apprentissage individuel pour atteindre les pr\u00e9-requis de leur formation.\u00a0<\/li><\/ul>\n\n\n\n<p><p class=\"has-custom-font\" style=\"font-family:Roboto\"><span style=\"color:#00a35a\" class=\"has-inline-color\">Groupes cibles:<\/span>&nbsp;<\/p><\/p>\n\n\n\n<ul class=\"has-custom-font wp-block-list\" style=\"font-family:Roboto\"><li>les enseignants des sciences sociales\u00a0<\/li><li>les enseignants, professeurs et personnels d\u2019\u00e9ducation en g\u00e9n\u00e9ral\u00a0<\/li><li>les \u00e9l\u00e8ves<\/li><\/ul>\n","protected":false},"excerpt":{"rendered":"<p>L\u2019objectif majeur du projet InterSTEM est l\u2019utilisation des technologies num\u00e9riques, de l\u2019enseignement interdisciplinaire, de la ludification et des sciences (STEM: Science, Technologie, Ing\u00e9nierie et Math\u00e9matiques) pour un enseignement des sciences sociales tels que l\u2019Histoire, les langues \u00e9trang\u00e8res ou l&#8217;\u00c9conomie. Le projet s\u2019\u00e9tant attach\u00e9 principalement \u00e0 apporter des solutions dans le secteur de l\u2019enseignement obligatoire.&nbsp;&nbsp; Objectifs:&nbsp; &hellip; <a href=\"https:\/\/interstem.eu\/index.php\/fr\/projet\/\" class=\"more-link\">Continue reading <span class=\"screen-reader-text\">Projet<\/span><\/a><\/p>\n","protected":false},"author":1,"featured_media":0,"parent":0,"menu_order":0,"comment_status":"closed","ping_status":"closed","template":"","meta":{"footnotes":""},"class_list":["post-110","page","type-page","status-publish","hentry"],"_links":{"self":[{"href":"https:\/\/interstem.eu\/index.php\/wp-json\/wp\/v2\/pages\/110","targetHints":{"allow":["GET"]}}],"collection":[{"href":"https:\/\/interstem.eu\/index.php\/wp-json\/wp\/v2\/pages"}],"about":[{"href":"https:\/\/interstem.eu\/index.php\/wp-json\/wp\/v2\/types\/page"}],"author":[{"embeddable":true,"href":"https:\/\/interstem.eu\/index.php\/wp-json\/wp\/v2\/users\/1"}],"replies":[{"embeddable":true,"href":"https:\/\/interstem.eu\/index.php\/wp-json\/wp\/v2\/comments?post=110"}],"version-history":[{"count":1,"href":"https:\/\/interstem.eu\/index.php\/wp-json\/wp\/v2\/pages\/110\/revisions"}],"predecessor-version":[{"id":649,"href":"https:\/\/interstem.eu\/index.php\/wp-json\/wp\/v2\/pages\/110\/revisions\/649"}],"wp:attachment":[{"href":"https:\/\/interstem.eu\/index.php\/wp-json\/wp\/v2\/media?parent=110"}],"curies":[{"name":"wp","href":"https:\/\/api.w.org\/{rel}","templated":true}]}}